{"id":12690,"date":"2017-12-01T09:46:13","date_gmt":"2017-12-01T08:46:13","guid":{"rendered":"https:\/\/www.artinprint.at\/produkt\/gabriele-schoene\/"},"modified":"2022-11-30T23:36:46","modified_gmt":"2022-11-30T22:36:46","slug":"gabriele-schoene","status":"publish","type":"product","link":"https:\/\/www.artinprint.at\/en\/product\/gabriele-schoene\/","title":{"rendered":"Gabriele Sch\u00f6ne Mittwochabend, 2018  Lithograph"},"content":{"rendered":"<span class=\"et_bloom_bottom_trigger\"><\/span>","protected":false},"excerpt":{"rendered":"<p>Gabriele Sch\u00f6ne<br \/>\nBorn 1961 in Mistelbach \/ Lower Austria<\/p>\n<p><em>Mittwochabend<\/em>, 2018, for the art in print series <em>women I<\/em><\/p>\n<p>Lithograph in two colours, printed on Magnani Incisioni by Rudi H\u00f6rschl\u00e4ger, Druckwerkstatt Uferst\u00f6ckl, Wallsee\/Lower Austria<\/p>\n<p>Edition of\u00a0 33\u00a0 + 5 AP + 2 EP + 2 PP<\/p>\n<p>Signed, dated, numbered and tutled by the artist<\/p>\n<p>Image size : 40,1 x 30,4 cm<br \/>\nPage size : 50 x 40 cm<\/p>\n","protected":false},"featured_media":13001,"template":"","meta":{"_et_pb_use_builder":"off","_et_pb_old_content":"","_et_gb_content_width":""},"product_brand":[],"product_cat":[115,110],"product_tag":[],"class_list":{"0":"post-12690","1":"product","2":"type-product","3":"status-publish","4":"has-post-thumbnail","6":"product_cat-women-i-en-2","7":"product_cat-gabriele-schoene","9":"first","10":"instock","11":"taxable","12":"shipping-taxable","13":"purchasable","14":"product-type-variable","15":"has-default-attributes"},"yoast_head":"<!-- This site is optimized with the Yoast SEO plugin v27.5 - https:\/\/yoast.com\/product\/yoast-seo-wordpress\/ -->\n<title>\u201eMittwochabend, 2018\u201c by Gabriele Sch\u00f6ne | women 1 | art in print<\/title>\n<meta name=\"description\" content=\"Lithograph | Edition of 33 + 5 AP + 2 EP + 2 PP | signed, dated, titled and numbered | Size : 50 x 40 cm | Buy now in the art in print webshop!\" \/>\n<meta name=\"robots\" content=\"index, follow, max-snippet:-1, max-image-preview:large, max-video-preview:-1\" \/>\n<link rel=\"canonical\" href=\"https:\/\/www.artinprint.at\/en\/product\/gabriele-schoene\/\" \/>\n<meta property=\"og:locale\" content=\"en_US\" \/>\n<meta property=\"og:type\" content=\"article\" \/>\n<meta property=\"og:title\" content=\"\u201eMittwochabend, 2018\u201c by Gabriele Sch\u00f6ne | women 1 | art in print\" \/>\n<meta property=\"og:description\" content=\"Lithograph | Edition of 33 + 5 AP + 2 EP + 2 PP | signed, dated, titled and numbered | Size : 50 x 40 cm | Buy now in the art in print webshop!\" \/>\n<meta property=\"og:url\" content=\"https:\/\/www.artinprint.at\/en\/product\/gabriele-schoene\/\" \/>\n<meta property=\"og:site_name\" content=\"Art in Print\" \/>\n<meta property=\"article:modified_time\" content=\"2022-11-30T22:36:46+00:00\" \/>\n<meta property=\"og:image\" content=\"https:\/\/www.artinprint.at\/wp-content\/uploads\/2017\/12\/gabriele-schoene-mittwochabend-produktbild-quad-transparent.png\" \/>\n\t<meta property=\"og:image:width\" content=\"1600\" \/>\n\t<meta property=\"og:image:height\" content=\"1600\" \/>\n\t<meta property=\"og:image:type\" content=\"image\/png\" \/>\n<meta name=\"twitter:card\" content=\"summary_large_image\" \/>\n<script type=\"application\/ld+json\" class=\"yoast-schema-graph\">{\"@context\":\"https:\\\/\\\/schema.org\",\"@graph\":[{\"@type\":\"WebPage\",\"@id\":\"https:\\\/\\\/www.artinprint.at\\\/en\\\/product\\\/gabriele-schoene\\\/\",\"url\":\"https:\\\/\\\/www.artinprint.at\\\/en\\\/product\\\/gabriele-schoene\\\/\",\"name\":\"\u201eMittwochabend, 2018\u201c by Gabriele Sch\u00f6ne | women 1 | art in print\",\"isPartOf\":{\"@id\":\"https:\\\/\\\/www.artinprint.at\\\/en\\\/#website\"},\"primaryImageOfPage\":{\"@id\":\"https:\\\/\\\/www.artinprint.at\\\/en\\\/product\\\/gabriele-schoene\\\/#primaryimage\"},\"image\":{\"@id\":\"https:\\\/\\\/www.artinprint.at\\\/en\\\/product\\\/gabriele-schoene\\\/#primaryimage\"},\"thumbnailUrl\":\"https:\\\/\\\/www.artinprint.at\\\/wp-content\\\/uploads\\\/2017\\\/12\\\/gabriele-schoene-mittwochabend-produktbild-quad-transparent.png\",\"datePublished\":\"2017-12-01T08:46:13+00:00\",\"dateModified\":\"2022-11-30T22:36:46+00:00\",\"description\":\"Lithograph | Edition of 33 + 5 AP + 2 EP + 2 PP | signed, dated, titled and numbered | Size : 50 x 40 cm | Buy now in the art in print webshop!\",\"breadcrumb\":{\"@id\":\"https:\\\/\\\/www.artinprint.at\\\/en\\\/product\\\/gabriele-schoene\\\/#breadcrumb\"},\"inLanguage\":\"en-US\",\"potentialAction\":[{\"@type\":\"ReadAction\",\"target\":[\"https:\\\/\\\/www.artinprint.at\\\/en\\\/product\\\/gabriele-schoene\\\/\"]}]},{\"@type\":\"ImageObject\",\"inLanguage\":\"en-US\",\"@id\":\"https:\\\/\\\/www.artinprint.at\\\/en\\\/product\\\/gabriele-schoene\\\/#primaryimage\",\"url\":\"https:\\\/\\\/www.artinprint.at\\\/wp-content\\\/uploads\\\/2017\\\/12\\\/gabriele-schoene-mittwochabend-produktbild-quad-transparent.png\",\"contentUrl\":\"https:\\\/\\\/www.artinprint.at\\\/wp-content\\\/uploads\\\/2017\\\/12\\\/gabriele-schoene-mittwochabend-produktbild-quad-transparent.png\",\"width\":1600,\"height\":1600,\"caption\":\"Gabriele Sch\u00f6ne, Mittwochabend\"},{\"@type\":\"BreadcrumbList\",\"@id\":\"https:\\\/\\\/www.artinprint.at\\\/en\\\/product\\\/gabriele-schoene\\\/#breadcrumb\",\"itemListElement\":[{\"@type\":\"ListItem\",\"position\":1,\"name\":\"Startseite\",\"item\":\"https:\\\/\\\/www.artinprint.at\\\/en\\\/\"},{\"@type\":\"ListItem\",\"position\":2,\"name\":\"Shop\",\"item\":\"https:\\\/\\\/www.artinprint.at\\\/en\\\/shop\\\/\"},{\"@type\":\"ListItem\",\"position\":3,\"name\":\"Gabriele Sch\u00f6ne Mittwochabend, 2018 Lithograph\"}]},{\"@type\":\"WebSite\",\"@id\":\"https:\\\/\\\/www.artinprint.at\\\/en\\\/#website\",\"url\":\"https:\\\/\\\/www.artinprint.at\\\/en\\\/\",\"name\":\"Art in Print\",\"description\":\"\",\"publisher\":{\"@id\":\"https:\\\/\\\/www.artinprint.at\\\/en\\\/#organization\"},\"potentialAction\":[{\"@type\":\"SearchAction\",\"target\":{\"@type\":\"EntryPoint\",\"urlTemplate\":\"https:\\\/\\\/www.artinprint.at\\\/en\\\/?s={search_term_string}\"},\"query-input\":{\"@type\":\"PropertyValueSpecification\",\"valueRequired\":true,\"valueName\":\"search_term_string\"}}],\"inLanguage\":\"en-US\"},{\"@type\":\"Organization\",\"@id\":\"https:\\\/\\\/www.artinprint.at\\\/en\\\/#organization\",\"name\":\"art in print\",\"url\":\"https:\\\/\\\/www.artinprint.at\\\/en\\\/\",\"logo\":{\"@type\":\"ImageObject\",\"inLanguage\":\"en-US\",\"@id\":\"https:\\\/\\\/www.artinprint.at\\\/en\\\/#\\\/schema\\\/logo\\\/image\\\/\",\"url\":\"https:\\\/\\\/www.artinprint.at\\\/wp-content\\\/uploads\\\/2020\\\/04\\\/cropped-art-in-print_logo.png\",\"contentUrl\":\"https:\\\/\\\/www.artinprint.at\\\/wp-content\\\/uploads\\\/2020\\\/04\\\/cropped-art-in-print_logo.png\",\"width\":512,\"height\":512,\"caption\":\"art in print\"},\"image\":{\"@id\":\"https:\\\/\\\/www.artinprint.at\\\/en\\\/#\\\/schema\\\/logo\\\/image\\\/\"}}]}<\/script>\n<!-- \/ Yoast SEO plugin. -->","yoast_head_json":{"title":"\u201eMittwochabend, 2018\u201c by Gabriele Sch\u00f6ne | women 1 | art in print","description":"Lithograph | Edition of 33 + 5 AP + 2 EP + 2 PP | signed, dated, titled and numbered | Size : 50 x 40 cm | Buy now in the art in print webshop!","robots":{"index":"index","follow":"follow","max-snippet":"max-snippet:-1","max-image-preview":"max-image-preview:large","max-video-preview":"max-video-preview:-1"},"canonical":"https:\/\/www.artinprint.at\/en\/product\/gabriele-schoene\/","og_locale":"en_US","og_type":"article","og_title":"\u201eMittwochabend, 2018\u201c by Gabriele Sch\u00f6ne | women 1 | art in print","og_description":"Lithograph | Edition of 33 + 5 AP + 2 EP + 2 PP | signed, dated, titled and numbered | Size : 50 x 40 cm | Buy now in the art in print webshop!","og_url":"https:\/\/www.artinprint.at\/en\/product\/gabriele-schoene\/","og_site_name":"Art in Print","article_modified_time":"2022-11-30T22:36:46+00:00","og_image":[{"width":1600,"height":1600,"url":"https:\/\/www.artinprint.at\/wp-content\/uploads\/2017\/12\/gabriele-schoene-mittwochabend-produktbild-quad-transparent.png","type":"image\/png"}],"twitter_card":"summary_large_image","schema":{"@context":"https:\/\/schema.org","@graph":[{"@type":"WebPage","@id":"https:\/\/www.artinprint.at\/en\/product\/gabriele-schoene\/","url":"https:\/\/www.artinprint.at\/en\/product\/gabriele-schoene\/","name":"\u201eMittwochabend, 2018\u201c by Gabriele Sch\u00f6ne | women 1 | art in print","isPartOf":{"@id":"https:\/\/www.artinprint.at\/en\/#website"},"primaryImageOfPage":{"@id":"https:\/\/www.artinprint.at\/en\/product\/gabriele-schoene\/#primaryimage"},"image":{"@id":"https:\/\/www.artinprint.at\/en\/product\/gabriele-schoene\/#primaryimage"},"thumbnailUrl":"https:\/\/www.artinprint.at\/wp-content\/uploads\/2017\/12\/gabriele-schoene-mittwochabend-produktbild-quad-transparent.png","datePublished":"2017-12-01T08:46:13+00:00","dateModified":"2022-11-30T22:36:46+00:00","description":"Lithograph | Edition of 33 + 5 AP + 2 EP + 2 PP | signed, dated, titled and numbered | Size : 50 x 40 cm | Buy now in the art in print webshop!","breadcrumb":{"@id":"https:\/\/www.artinprint.at\/en\/product\/gabriele-schoene\/#breadcrumb"},"inLanguage":"en-US","potentialAction":[{"@type":"ReadAction","target":["https:\/\/www.artinprint.at\/en\/product\/gabriele-schoene\/"]}]},{"@type":"ImageObject","inLanguage":"en-US","@id":"https:\/\/www.artinprint.at\/en\/product\/gabriele-schoene\/#primaryimage","url":"https:\/\/www.artinprint.at\/wp-content\/uploads\/2017\/12\/gabriele-schoene-mittwochabend-produktbild-quad-transparent.png","contentUrl":"https:\/\/www.artinprint.at\/wp-content\/uploads\/2017\/12\/gabriele-schoene-mittwochabend-produktbild-quad-transparent.png","width":1600,"height":1600,"caption":"Gabriele Sch\u00f6ne, Mittwochabend"},{"@type":"BreadcrumbList","@id":"https:\/\/www.artinprint.at\/en\/product\/gabriele-schoene\/#breadcrumb","itemListElement":[{"@type":"ListItem","position":1,"name":"Startseite","item":"https:\/\/www.artinprint.at\/en\/"},{"@type":"ListItem","position":2,"name":"Shop","item":"https:\/\/www.artinprint.at\/en\/shop\/"},{"@type":"ListItem","position":3,"name":"Gabriele Sch\u00f6ne Mittwochabend, 2018 Lithograph"}]},{"@type":"WebSite","@id":"https:\/\/www.artinprint.at\/en\/#website","url":"https:\/\/www.artinprint.at\/en\/","name":"Art in Print","description":"","publisher":{"@id":"https:\/\/www.artinprint.at\/en\/#organization"},"potentialAction":[{"@type":"SearchAction","target":{"@type":"EntryPoint","urlTemplate":"https:\/\/www.artinprint.at\/en\/?s={search_term_string}"},"query-input":{"@type":"PropertyValueSpecification","valueRequired":true,"valueName":"search_term_string"}}],"inLanguage":"en-US"},{"@type":"Organization","@id":"https:\/\/www.artinprint.at\/en\/#organization","name":"art in print","url":"https:\/\/www.artinprint.at\/en\/","logo":{"@type":"ImageObject","inLanguage":"en-US","@id":"https:\/\/www.artinprint.at\/en\/#\/schema\/logo\/image\/","url":"https:\/\/www.artinprint.at\/wp-content\/uploads\/2020\/04\/cropped-art-in-print_logo.png","contentUrl":"https:\/\/www.artinprint.at\/wp-content\/uploads\/2020\/04\/cropped-art-in-print_logo.png","width":512,"height":512,"caption":"art in print"},"image":{"@id":"https:\/\/www.artinprint.at\/en\/#\/schema\/logo\/image\/"}}]}},"_links":{"self":[{"href":"https:\/\/www.artinprint.at\/en\/wp-json\/wp\/v2\/product\/12690","targetHints":{"allow":["GET"]}}],"collection":[{"href":"https:\/\/www.artinprint.at\/en\/wp-json\/wp\/v2\/product"}],"about":[{"href":"https:\/\/www.artinprint.at\/en\/wp-json\/wp\/v2\/types\/product"}],"wp:featuredmedia":[{"embeddable":true,"href":"https:\/\/www.artinprint.at\/en\/wp-json\/wp\/v2\/media\/13001"}],"wp:attachment":[{"href":"https:\/\/www.artinprint.at\/en\/wp-json\/wp\/v2\/media?parent=12690"}],"wp:term":[{"taxonomy":"product_brand","embeddable":true,"href":"https:\/\/www.artinprint.at\/en\/wp-json\/wp\/v2\/product_brand?post=12690"},{"taxonomy":"product_cat","embeddable":true,"href":"https:\/\/www.artinprint.at\/en\/wp-json\/wp\/v2\/product_cat?post=12690"},{"taxonomy":"product_tag","embeddable":true,"href":"https:\/\/www.artinprint.at\/en\/wp-json\/wp\/v2\/product_tag?post=12690"}],"curies":[{"name":"wp","href":"https:\/\/api.w.org\/{rel}","templated":true}]}}