{"id":12664,"date":"2019-01-21T14:13:18","date_gmt":"2019-01-21T13:13:18","guid":{"rendered":"https:\/\/www.artinprint.at\/produkt\/alina-kunitsyna-ein-millionaer-2019\/"},"modified":"2022-11-30T23:33:00","modified_gmt":"2022-11-30T22:33:00","slug":"alina-kunitsyna-ein-millionaer-2019","status":"publish","type":"product","link":"https:\/\/www.artinprint.at\/en\/product\/alina-kunitsyna-ein-millionaer-2019\/","title":{"rendered":"Alina Kunitsyna Ein Million\u00e4r, 2019  Etching"},"content":{"rendered":"<span class=\"et_bloom_bottom_trigger\"><\/span>","protected":false},"excerpt":{"rendered":"<p>Alina Kunitsyna<br \/>\nBorn 1981 in Minsk, Belarus<\/p>\n<p><em>Ein Million\u00e4r, 2019,\u00a0<\/em> for the art in print series <em>women II<\/em><\/p>\n<p>Etching on one plate, hand coloured, printed on Zerkall Alt Mainz Matt 300g<\/p>\n<p>Printed by Rudolf H\u00f6rschl\u00e4ger, Werkstatt Uferst\u00f6ckl, Wallsee, Lower Austria<\/p>\n<p>Edition of 33\u00a0 + 5 AP + 2 EP + 2 PP<\/p>\n<p>Signed, dated, titled and numbered by the artist<\/p>\n<p>Paper size: 50 x 40 cm<br \/>\nPlate size: 25 x 20 cm<\/p>\n","protected":false},"featured_media":10434,"template":"","meta":{"_et_pb_use_builder":"off","_et_pb_old_content":"","_et_gb_content_width":""},"product_brand":[],"product_cat":[116],"product_tag":[],"class_list":{"0":"post-12664","1":"product","2":"type-product","3":"status-publish","4":"has-post-thumbnail","6":"product_cat-women-ii-en-2","8":"first","9":"instock","10":"taxable","11":"shipping-taxable","12":"purchasable","13":"product-type-variable","14":"has-default-attributes"},"yoast_head":"<!-- This site is optimized with the Yoast SEO plugin v27.5 - https:\/\/yoast.com\/product\/yoast-seo-wordpress\/ -->\n<title>\u201eEin Million\u00e4r, 2019\u201c by Alina Kunitsyna for the art in print series women II<\/title>\n<meta name=\"description\" content=\"Etching | Edition of 33 + 5 AP + 2 EP + 2 PP | signed, titled and numbered | Size: 50 x 40 cm | Buy now in the art in print webshop!\" \/>\n<meta name=\"robots\" content=\"index, follow, max-snippet:-1, max-image-preview:large, max-video-preview:-1\" \/>\n<link rel=\"canonical\" href=\"https:\/\/www.artinprint.at\/en\/product\/alina-kunitsyna-ein-millionaer-2019\/\" \/>\n<meta property=\"og:locale\" content=\"en_US\" \/>\n<meta property=\"og:type\" content=\"article\" \/>\n<meta property=\"og:title\" content=\"\u201eEin Million\u00e4r, 2019\u201c by Alina Kunitsyna for the art in print series women II\" \/>\n<meta property=\"og:description\" content=\"Etching | Edition of 33 + 5 AP + 2 EP + 2 PP | signed, titled and numbered | Size: 50 x 40 cm | Buy now in the art in print webshop!\" \/>\n<meta property=\"og:url\" content=\"https:\/\/www.artinprint.at\/en\/product\/alina-kunitsyna-ein-millionaer-2019\/\" \/>\n<meta property=\"og:site_name\" content=\"Art in Print\" \/>\n<meta property=\"article:modified_time\" content=\"2022-11-30T22:33:00+00:00\" \/>\n<meta property=\"og:image\" content=\"https:\/\/www.artinprint.at\/wp-content\/uploads\/2019\/01\/Alina_Kunitsyna_1400x1400_transparenter_Hintergrund-min.png\" \/>\n\t<meta property=\"og:image:width\" content=\"1400\" \/>\n\t<meta property=\"og:image:height\" content=\"1400\" \/>\n\t<meta property=\"og:image:type\" content=\"image\/png\" \/>\n<meta name=\"twitter:card\" content=\"summary_large_image\" \/>\n<script type=\"application\/ld+json\" class=\"yoast-schema-graph\">{\"@context\":\"https:\\\/\\\/schema.org\",\"@graph\":[{\"@type\":\"WebPage\",\"@id\":\"https:\\\/\\\/www.artinprint.at\\\/en\\\/product\\\/alina-kunitsyna-ein-millionaer-2019\\\/\",\"url\":\"https:\\\/\\\/www.artinprint.at\\\/en\\\/product\\\/alina-kunitsyna-ein-millionaer-2019\\\/\",\"name\":\"\u201eEin Million\u00e4r, 2019\u201c by Alina Kunitsyna for the art in print series women II\",\"isPartOf\":{\"@id\":\"https:\\\/\\\/www.artinprint.at\\\/en\\\/#website\"},\"primaryImageOfPage\":{\"@id\":\"https:\\\/\\\/www.artinprint.at\\\/en\\\/product\\\/alina-kunitsyna-ein-millionaer-2019\\\/#primaryimage\"},\"image\":{\"@id\":\"https:\\\/\\\/www.artinprint.at\\\/en\\\/product\\\/alina-kunitsyna-ein-millionaer-2019\\\/#primaryimage\"},\"thumbnailUrl\":\"https:\\\/\\\/www.artinprint.at\\\/wp-content\\\/uploads\\\/2019\\\/01\\\/Alina_Kunitsyna_1400x1400_transparenter_Hintergrund-min.png\",\"datePublished\":\"2019-01-21T13:13:18+00:00\",\"dateModified\":\"2022-11-30T22:33:00+00:00\",\"description\":\"Etching | Edition of 33 + 5 AP + 2 EP + 2 PP | signed, titled and numbered | Size: 50 x 40 cm | Buy now in the art in print webshop!\",\"breadcrumb\":{\"@id\":\"https:\\\/\\\/www.artinprint.at\\\/en\\\/product\\\/alina-kunitsyna-ein-millionaer-2019\\\/#breadcrumb\"},\"inLanguage\":\"en-US\",\"potentialAction\":[{\"@type\":\"ReadAction\",\"target\":[\"https:\\\/\\\/www.artinprint.at\\\/en\\\/product\\\/alina-kunitsyna-ein-millionaer-2019\\\/\"]}]},{\"@type\":\"ImageObject\",\"inLanguage\":\"en-US\",\"@id\":\"https:\\\/\\\/www.artinprint.at\\\/en\\\/product\\\/alina-kunitsyna-ein-millionaer-2019\\\/#primaryimage\",\"url\":\"https:\\\/\\\/www.artinprint.at\\\/wp-content\\\/uploads\\\/2019\\\/01\\\/Alina_Kunitsyna_1400x1400_transparenter_Hintergrund-min.png\",\"contentUrl\":\"https:\\\/\\\/www.artinprint.at\\\/wp-content\\\/uploads\\\/2019\\\/01\\\/Alina_Kunitsyna_1400x1400_transparenter_Hintergrund-min.png\",\"width\":1400,\"height\":1400},{\"@type\":\"BreadcrumbList\",\"@id\":\"https:\\\/\\\/www.artinprint.at\\\/en\\\/product\\\/alina-kunitsyna-ein-millionaer-2019\\\/#breadcrumb\",\"itemListElement\":[{\"@type\":\"ListItem\",\"position\":1,\"name\":\"Startseite\",\"item\":\"https:\\\/\\\/www.artinprint.at\\\/en\\\/\"},{\"@type\":\"ListItem\",\"position\":2,\"name\":\"Shop\",\"item\":\"https:\\\/\\\/www.artinprint.at\\\/en\\\/shop\\\/\"},{\"@type\":\"ListItem\",\"position\":3,\"name\":\"Alina Kunitsyna Ein Million\u00e4r, 2019 Etching\"}]},{\"@type\":\"WebSite\",\"@id\":\"https:\\\/\\\/www.artinprint.at\\\/en\\\/#website\",\"url\":\"https:\\\/\\\/www.artinprint.at\\\/en\\\/\",\"name\":\"Art in Print\",\"description\":\"\",\"publisher\":{\"@id\":\"https:\\\/\\\/www.artinprint.at\\\/en\\\/#organization\"},\"potentialAction\":[{\"@type\":\"SearchAction\",\"target\":{\"@type\":\"EntryPoint\",\"urlTemplate\":\"https:\\\/\\\/www.artinprint.at\\\/en\\\/?s={search_term_string}\"},\"query-input\":{\"@type\":\"PropertyValueSpecification\",\"valueRequired\":true,\"valueName\":\"search_term_string\"}}],\"inLanguage\":\"en-US\"},{\"@type\":\"Organization\",\"@id\":\"https:\\\/\\\/www.artinprint.at\\\/en\\\/#organization\",\"name\":\"art in print\",\"url\":\"https:\\\/\\\/www.artinprint.at\\\/en\\\/\",\"logo\":{\"@type\":\"ImageObject\",\"inLanguage\":\"en-US\",\"@id\":\"https:\\\/\\\/www.artinprint.at\\\/en\\\/#\\\/schema\\\/logo\\\/image\\\/\",\"url\":\"https:\\\/\\\/www.artinprint.at\\\/wp-content\\\/uploads\\\/2020\\\/04\\\/cropped-art-in-print_logo.png\",\"contentUrl\":\"https:\\\/\\\/www.artinprint.at\\\/wp-content\\\/uploads\\\/2020\\\/04\\\/cropped-art-in-print_logo.png\",\"width\":512,\"height\":512,\"caption\":\"art in print\"},\"image\":{\"@id\":\"https:\\\/\\\/www.artinprint.at\\\/en\\\/#\\\/schema\\\/logo\\\/image\\\/\"}}]}<\/script>\n<!-- \/ Yoast SEO plugin. -->","yoast_head_json":{"title":"\u201eEin Million\u00e4r, 2019\u201c by Alina Kunitsyna for the art in print series women II","description":"Etching | Edition of 33 + 5 AP + 2 EP + 2 PP | signed, titled and numbered | Size: 50 x 40 cm | Buy now in the art in print webshop!","robots":{"index":"index","follow":"follow","max-snippet":"max-snippet:-1","max-image-preview":"max-image-preview:large","max-video-preview":"max-video-preview:-1"},"canonical":"https:\/\/www.artinprint.at\/en\/product\/alina-kunitsyna-ein-millionaer-2019\/","og_locale":"en_US","og_type":"article","og_title":"\u201eEin Million\u00e4r, 2019\u201c by Alina Kunitsyna for the art in print series women II","og_description":"Etching | Edition of 33 + 5 AP + 2 EP + 2 PP | signed, titled and numbered | Size: 50 x 40 cm | Buy now in the art in print webshop!","og_url":"https:\/\/www.artinprint.at\/en\/product\/alina-kunitsyna-ein-millionaer-2019\/","og_site_name":"Art in Print","article_modified_time":"2022-11-30T22:33:00+00:00","og_image":[{"width":1400,"height":1400,"url":"https:\/\/www.artinprint.at\/wp-content\/uploads\/2019\/01\/Alina_Kunitsyna_1400x1400_transparenter_Hintergrund-min.png","type":"image\/png"}],"twitter_card":"summary_large_image","schema":{"@context":"https:\/\/schema.org","@graph":[{"@type":"WebPage","@id":"https:\/\/www.artinprint.at\/en\/product\/alina-kunitsyna-ein-millionaer-2019\/","url":"https:\/\/www.artinprint.at\/en\/product\/alina-kunitsyna-ein-millionaer-2019\/","name":"\u201eEin Million\u00e4r, 2019\u201c by Alina Kunitsyna for the art in print series women II","isPartOf":{"@id":"https:\/\/www.artinprint.at\/en\/#website"},"primaryImageOfPage":{"@id":"https:\/\/www.artinprint.at\/en\/product\/alina-kunitsyna-ein-millionaer-2019\/#primaryimage"},"image":{"@id":"https:\/\/www.artinprint.at\/en\/product\/alina-kunitsyna-ein-millionaer-2019\/#primaryimage"},"thumbnailUrl":"https:\/\/www.artinprint.at\/wp-content\/uploads\/2019\/01\/Alina_Kunitsyna_1400x1400_transparenter_Hintergrund-min.png","datePublished":"2019-01-21T13:13:18+00:00","dateModified":"2022-11-30T22:33:00+00:00","description":"Etching | Edition of 33 + 5 AP + 2 EP + 2 PP | signed, titled and numbered | Size: 50 x 40 cm | Buy now in the art in print webshop!","breadcrumb":{"@id":"https:\/\/www.artinprint.at\/en\/product\/alina-kunitsyna-ein-millionaer-2019\/#breadcrumb"},"inLanguage":"en-US","potentialAction":[{"@type":"ReadAction","target":["https:\/\/www.artinprint.at\/en\/product\/alina-kunitsyna-ein-millionaer-2019\/"]}]},{"@type":"ImageObject","inLanguage":"en-US","@id":"https:\/\/www.artinprint.at\/en\/product\/alina-kunitsyna-ein-millionaer-2019\/#primaryimage","url":"https:\/\/www.artinprint.at\/wp-content\/uploads\/2019\/01\/Alina_Kunitsyna_1400x1400_transparenter_Hintergrund-min.png","contentUrl":"https:\/\/www.artinprint.at\/wp-content\/uploads\/2019\/01\/Alina_Kunitsyna_1400x1400_transparenter_Hintergrund-min.png","width":1400,"height":1400},{"@type":"BreadcrumbList","@id":"https:\/\/www.artinprint.at\/en\/product\/alina-kunitsyna-ein-millionaer-2019\/#breadcrumb","itemListElement":[{"@type":"ListItem","position":1,"name":"Startseite","item":"https:\/\/www.artinprint.at\/en\/"},{"@type":"ListItem","position":2,"name":"Shop","item":"https:\/\/www.artinprint.at\/en\/shop\/"},{"@type":"ListItem","position":3,"name":"Alina Kunitsyna Ein Million\u00e4r, 2019 Etching"}]},{"@type":"WebSite","@id":"https:\/\/www.artinprint.at\/en\/#website","url":"https:\/\/www.artinprint.at\/en\/","name":"Art in Print","description":"","publisher":{"@id":"https:\/\/www.artinprint.at\/en\/#organization"},"potentialAction":[{"@type":"SearchAction","target":{"@type":"EntryPoint","urlTemplate":"https:\/\/www.artinprint.at\/en\/?s={search_term_string}"},"query-input":{"@type":"PropertyValueSpecification","valueRequired":true,"valueName":"search_term_string"}}],"inLanguage":"en-US"},{"@type":"Organization","@id":"https:\/\/www.artinprint.at\/en\/#organization","name":"art in print","url":"https:\/\/www.artinprint.at\/en\/","logo":{"@type":"ImageObject","inLanguage":"en-US","@id":"https:\/\/www.artinprint.at\/en\/#\/schema\/logo\/image\/","url":"https:\/\/www.artinprint.at\/wp-content\/uploads\/2020\/04\/cropped-art-in-print_logo.png","contentUrl":"https:\/\/www.artinprint.at\/wp-content\/uploads\/2020\/04\/cropped-art-in-print_logo.png","width":512,"height":512,"caption":"art in print"},"image":{"@id":"https:\/\/www.artinprint.at\/en\/#\/schema\/logo\/image\/"}}]}},"_links":{"self":[{"href":"https:\/\/www.artinprint.at\/en\/wp-json\/wp\/v2\/product\/12664","targetHints":{"allow":["GET"]}}],"collection":[{"href":"https:\/\/www.artinprint.at\/en\/wp-json\/wp\/v2\/product"}],"about":[{"href":"https:\/\/www.artinprint.at\/en\/wp-json\/wp\/v2\/types\/product"}],"wp:featuredmedia":[{"embeddable":true,"href":"https:\/\/www.artinprint.at\/en\/wp-json\/wp\/v2\/media\/10434"}],"wp:attachment":[{"href":"https:\/\/www.artinprint.at\/en\/wp-json\/wp\/v2\/media?parent=12664"}],"wp:term":[{"taxonomy":"product_brand","embeddable":true,"href":"https:\/\/www.artinprint.at\/en\/wp-json\/wp\/v2\/product_brand?post=12664"},{"taxonomy":"product_cat","embeddable":true,"href":"https:\/\/www.artinprint.at\/en\/wp-json\/wp\/v2\/product_cat?post=12664"},{"taxonomy":"product_tag","embeddable":true,"href":"https:\/\/www.artinprint.at\/en\/wp-json\/wp\/v2\/product_tag?post=12664"}],"curies":[{"name":"wp","href":"https:\/\/api.w.org\/{rel}","templated":true}]}}