{"id":11603,"date":"2021-09-14T13:27:21","date_gmt":"2021-09-14T11:27:21","guid":{"rendered":"https:\/\/www.artinprint.at\/margit-hartnagel\/"},"modified":"2022-05-11T10:07:00","modified_gmt":"2022-05-11T08:07:00","slug":"margit-hartnagel","status":"publish","type":"page","link":"https:\/\/www.artinprint.at\/en\/margit-hartnagel\/","title":{"rendered":"Margit Hartnagel"},"content":{"rendered":"<p>[et_pb_section fb_built=&#8221;1&#8243; fullwidth=&#8221;on&#8221; _builder_version=&#8221;4.16&#8243; global_colors_info=&#8221;{}&#8221;][et_pb_fullwidth_header _builder_version=&#8221;4.16&#8243; background_color=&#8221;rgba(255,255,255,0)&#8221; background_image=&#8221;https:\/\/www.artinprint.at\/wp-content\/uploads\/2019\/01\/Header_Hartnagel_1200x400.jpg&#8221; background_layout=&#8221;light&#8221; custom_css_main_element=&#8221;height: 400px;&#8221; global_colors_info=&#8221;{}&#8221; button_one_text_size__hover_enabled=&#8221;off&#8221; button_two_text_size__hover_enabled=&#8221;off&#8221; button_one_text_color__hover_enabled=&#8221;off&#8221; button_two_text_color__hover_enabled=&#8221;off&#8221; button_one_border_width__hover_enabled=&#8221;off&#8221; button_two_border_width__hover_enabled=&#8221;off&#8221; button_one_border_color__hover_enabled=&#8221;off&#8221; button_two_border_color__hover_enabled=&#8221;off&#8221; button_one_border_radius__hover_enabled=&#8221;off&#8221; button_two_border_radius__hover_enabled=&#8221;off&#8221; button_one_letter_spacing__hover_enabled=&#8221;off&#8221; button_two_letter_spacing__hover_enabled=&#8221;off&#8221; button_one_bg_color__hover_enabled=&#8221;off&#8221; button_two_bg_color__hover_enabled=&#8221;off&#8221;]<\/p>\n<p>&nbsp;<\/p>\n<p>[\/et_pb_fullwidth_header][et_pb_fullwidth_header title=&#8221;Margit Hartnagel&#8221; subhead=&#8221;<em>Empty Square, 2018<\/em>&#8221; _builder_version=&#8221;4.16&#8243; background_color=&#8221;#445C82&#8243; custom_padding=&#8221;25px|170px|15px|170px&#8221; saved_tabs=&#8221;all&#8221; global_colors_info=&#8221;{}&#8221; button_one_text_size__hover_enabled=&#8221;off&#8221; button_two_text_size__hover_enabled=&#8221;off&#8221; button_one_text_color__hover_enabled=&#8221;off&#8221; button_two_text_color__hover_enabled=&#8221;off&#8221; button_one_border_width__hover_enabled=&#8221;off&#8221; button_two_border_width__hover_enabled=&#8221;off&#8221; button_one_border_color__hover_enabled=&#8221;off&#8221; button_two_border_color__hover_enabled=&#8221;off&#8221; button_one_border_radius__hover_enabled=&#8221;off&#8221; button_two_border_radius__hover_enabled=&#8221;off&#8221; button_one_letter_spacing__hover_enabled=&#8221;off&#8221; button_two_letter_spacing__hover_enabled=&#8221;off&#8221; button_one_bg_color__hover_enabled=&#8221;off&#8221; button_two_bg_color__hover_enabled=&#8221;off&#8221;]<\/p>\n<p>&nbsp;<\/p>\n<p>[\/et_pb_fullwidth_header][\/et_pb_section][et_pb_section fb_built=&#8221;1&#8243; _builder_version=&#8221;4.16&#8243; background_color=&#8221;rgba(0,0,0,0)&#8221; custom_padding=&#8221;0px|0px|40px|0px|false|false&#8221; global_colors_info=&#8221;{}&#8221;][et_pb_row column_structure=&#8221;1_2,1_2&#8243; _builder_version=&#8221;4.16&#8243; background_size=&#8221;initial&#8221; background_position=&#8221;top_left&#8221; background_repeat=&#8221;repeat&#8221; width=&#8221;66%&#8221; module_alignment=&#8221;center&#8221; custom_padding=&#8221;|0px|0px|3px|false|false&#8221; global_colors_info=&#8221;{}&#8221;][et_pb_column type=&#8221;1_2&#8243; _builder_version=&#8221;4.16&#8243; custom_padding=&#8221;|||&#8221; global_colors_info=&#8221;{}&#8221; custom_padding__hover=&#8221;|||&#8221;][et_pb_image src=&#8221;https:\/\/www.artinprint.at\/wp-content\/uploads\/2019\/01\/Margit_Hartnagel_Empty_Square_1600x1600_transparenter_Hintergrund-min.png&#8221; show_in_lightbox=&#8221;on&#8221; _builder_version=&#8221;4.16&#8243; global_colors_info=&#8221;{}&#8221;][\/et_pb_image][\/et_pb_column][et_pb_column type=&#8221;1_2&#8243; _builder_version=&#8221;4.16&#8243; custom_padding=&#8221;|||&#8221; global_colors_info=&#8221;{}&#8221; custom_padding__hover=&#8221;|||&#8221;][et_pb_text _builder_version=&#8221;4.16&#8243; global_colors_info=&#8221;{}&#8221;]<\/p>\n<p><strong>\u00a0<\/strong><\/p>\n<p><strong>Margit Hartnagel<\/strong><br \/>(born 1970 in Ravensburg, Germany)<\/p>\n<p><em>Empty Square-1, 2018,<\/em>\u00a0for the art in print series <em>women II<\/em><\/p>\n<p>Screen print in six colours, printed on BFK Rives B\u00fctten paper 300 g by Ekkeland G\u00f6tze, M\u00fcnich<\/p>\n<p>Edition of 33 + 5 AP + 2 EP + 1 PP<\/p>\n<p>Signed, dated, numbered and titled by the artist<\/p>\n<p>50 x 40 cm<\/p>\n<p><a href=\"https:\/\/www.artinprint.at\/produkt\/margit-hartnagel-empty-square-2018\/\"><img loading=\"lazy\" decoding=\"async\" class=\"wp-image-296 alignleft size-full\" src=\"https:\/\/www.artinprint.at\/wp-content\/uploads\/2018\/01\/AIP_Button_jetzt2_klein.png\" alt=\"Button jetzt kaufen von art in print\" width=\"100\" height=\"100\" \/><\/a><\/p>\n<p>&nbsp;<\/p>\n<p>[\/et_pb_text][et_pb_text _builder_version=&#8221;4.16&#8243; global_colors_info=&#8221;{}&#8221;]<br \/>\n[\/et_pb_text][\/et_pb_column][\/et_pb_row][et_pb_row module_class=&#8221; et_pb_row_fullwidth&#8221; _builder_version=&#8221;4.16&#8243; width=&#8221;94%&#8221; width_tablet=&#8221;80%&#8221; width_phone=&#8221;&#8221; width_last_edited=&#8221;on|desktop&#8221; max_width=&#8221;94%&#8221; max_width_tablet=&#8221;80%&#8221; max_width_phone=&#8221;&#8221; max_width_last_edited=&#8221;on|desktop&#8221; custom_padding=&#8221;27px|0px|0px|0px&#8221; make_fullwidth=&#8221;on&#8221; global_colors_info=&#8221;{}&#8221;][et_pb_column type=&#8221;4_4&#8243; _builder_version=&#8221;4.16&#8243; custom_padding=&#8221;|||&#8221; global_colors_info=&#8221;{}&#8221; custom_padding__hover=&#8221;|||&#8221;][et_pb_divider color=&#8221;rgba(68,92,130,0.23)&#8221; _builder_version=&#8221;4.16&#8243; global_colors_info=&#8221;{}&#8221;]<\/p>\n<p>&nbsp;<\/p>\n<p>[\/et_pb_divider][\/et_pb_column][\/et_pb_row][et_pb_row column_structure=&#8221;1_2,1_2&#8243; _builder_version=&#8221;4.16&#8243; background_size=&#8221;initial&#8221; background_position=&#8221;top_left&#8221; background_repeat=&#8221;repeat&#8221; width=&#8221;66%&#8221; module_alignment=&#8221;center&#8221; custom_padding=&#8221;15px|0px||0px|false|false&#8221; global_colors_info=&#8221;{}&#8221;][et_pb_column type=&#8221;1_2&#8243; _builder_version=&#8221;4.16&#8243; custom_padding=&#8221;|||&#8221; global_colors_info=&#8221;{}&#8221; custom_padding__hover=&#8221;|||&#8221;][et_pb_image src=&#8221;https:\/\/www.artinprint.at\/wp-content\/uploads\/2019\/01\/margit-hartnagel-portrait-500.jpg&#8221; show_in_lightbox=&#8221;on&#8221; show_bottom_space=&#8221;off&#8221; force_fullwidth=&#8221;on&#8221; align_tablet=&#8221;center&#8221; align_phone=&#8221;&#8221; align_last_edited=&#8221;on|desktop&#8221; _builder_version=&#8221;4.16&#8243; global_colors_info=&#8221;{}&#8221;]<\/p>\n<p>&nbsp;<\/p>\n<p>[\/et_pb_image][\/et_pb_column][et_pb_column type=&#8221;1_2&#8243; _builder_version=&#8221;4.16&#8243; custom_padding=&#8221;|||&#8221; global_colors_info=&#8221;{}&#8221; custom_padding__hover=&#8221;|||&#8221;][et_pb_text _builder_version=&#8221;4.16&#8243; global_colors_info=&#8221;{}&#8221;]<\/p>\n<h2>Margit Hartnagel<\/h2>\n<p><strong>1970<\/strong> \/\/ born in Ravensburg \u2013 lives and works in Wangen im Allg\u00e4u\/Bavaria<\/p>\n<p> <strong>1995\u20132000<\/strong> \/\/ Degree course in Painting at the Academy of Fine Arts, Vienna<\/p>\n<p> <strong>1998\u20132001<\/strong> \/\/ Degree course in Experimental Design and Spatial Art, University of Applied Arts<\/p>\n<p> <strong>2000\u2013present<\/strong> \/\/ Exhibitions in Austria and abroad<\/p>\n<p> <strong>2000<\/strong> \/\/Meisterschulpreis<\/p>\n<p> <strong>2004<\/strong> \/\/ Award from the City of Friedrichshafen<\/p>\n<p>[\/et_pb_text][\/et_pb_column][\/et_pb_row][et_pb_row _builder_version=&#8221;4.16&#8243; width=&#8221;66%&#8221; custom_padding=&#8221;0||30px||false|false&#8221; global_colors_info=&#8221;{}&#8221;][et_pb_column type=&#8221;4_4&#8243; _builder_version=&#8221;4.16&#8243; custom_padding=&#8221;|||&#8221; global_colors_info=&#8221;{}&#8221; custom_padding__hover=&#8221;|||&#8221;][et_pb_text _builder_version=&#8221;4.16&#8243; global_colors_info=&#8221;{}&#8221;]<\/p>\n<p>\u201cFrom the edge inwards, the empty middle defines<br \/>\ndelicate transitions into nothingness and into the light,<br \/>\ngrounded in the square \u2013 yellow-orange-magenta<br \/>\nin the middle of the middle \u2013 silence, peace, self\u201d<\/p>\n<p><strong>Margit Hartnagel, 2018<\/strong><\/p>\n<p>[\/et_pb_text][\/et_pb_column][\/et_pb_row][et_pb_row _builder_version=&#8221;4.16&#8243; width=&#8221;66%&#8221; custom_margin=&#8221;|||&#8221; custom_padding=&#8221;0px|0px|0|2px|false|false&#8221; global_colors_info=&#8221;{}&#8221;][et_pb_column type=&#8221;4_4&#8243; _builder_version=&#8221;4.16&#8243; custom_padding=&#8221;|||&#8221; global_colors_info=&#8221;{}&#8221; custom_padding__hover=&#8221;|||&#8221;][et_pb_text _builder_version=&#8221;4.16&#8243; global_colors_info=&#8221;{}&#8221;]<\/p>\n<h2>About the artist<\/h2>\n<p>\u201cAbstract composition remains the theme. It is what it is. Nothing concrete, no shape, no story, yet the painting signifies for the artist the search for what cannot be reduced any further. At the start of the image formation process, the focus is on the empty canvas and taking a contemplative approach. \u201cLike a child that paints the sky and the ground first,\u201d according to Hartnagel. according to Hartnagel.<\/p>\n<p>&#8230;On the edges of what is perceptible, the artist creates an emotional space from any empty space, a \u2018state of accurate blurriness\u2019, and uses her works to touch on questions of being and womanhood, feminist in the best sense of the word.\u201d <\/p>\n<p>From the Vorarlberger Nachrichten, ag<\/p>\n<p>[\/et_pb_text][\/et_pb_column][\/et_pb_row][\/et_pb_section]<\/p>\n<span class=\"et_bloom_bottom_trigger\"><\/span>","protected":false},"excerpt":{"rendered":"<p>&nbsp; &nbsp; \u00a0 Margit Hartnagel(born 1970 in Ravensburg, Germany) Empty Square-1, 2018,\u00a0for the art in print series women II Screen print in six colours, printed on BFK Rives B\u00fctten paper 300 g by Ekkeland G\u00f6tze, M\u00fcnich Edition of 33 + 5 AP + 2 EP + 1 PP Signed, dated, numbered and titled by the [&hellip;]<\/p>\n","protected":false},"author":1,"featured_media":0,"parent":0,"menu_order":42,"comment_status":"closed","ping_status":"closed","template":"","meta":{"_et_pb_use_builder":"on","_et_pb_old_content":"","_et_gb_content_width":"","footnotes":""},"class_list":["post-11603","page","type-page","status-publish","hentry"],"yoast_head":"<!-- This site is optimized with the Yoast SEO plugin v27.3 - https:\/\/yoast.com\/product\/yoast-seo-wordpress\/ -->\n<title>Margit Hartnagel - Art in Print<\/title>\n<meta name=\"robots\" content=\"index, follow, max-snippet:-1, max-image-preview:large, max-video-preview:-1\" \/>\n<link rel=\"canonical\" href=\"https:\/\/www.artinprint.at\/en\/margit-hartnagel\/\" \/>\n<meta property=\"og:locale\" content=\"en_US\" \/>\n<meta property=\"og:type\" content=\"article\" \/>\n<meta property=\"og:title\" content=\"Margit Hartnagel - Art in Print\" \/>\n<meta property=\"og:description\" content=\"&nbsp; &nbsp; \u00a0 Margit Hartnagel(born 1970 in Ravensburg, Germany) Empty Square-1, 2018,\u00a0for the art in print series women II Screen print in six colours, printed on BFK Rives B\u00fctten paper 300 g by Ekkeland G\u00f6tze, M\u00fcnich Edition of 33 + 5 AP + 2 EP + 1 PP Signed, dated, numbered and titled by the [&hellip;]\" \/>\n<meta property=\"og:url\" content=\"https:\/\/www.artinprint.at\/en\/margit-hartnagel\/\" \/>\n<meta property=\"og:site_name\" content=\"Art in Print\" \/>\n<meta property=\"article:modified_time\" content=\"2022-05-11T08:07:00+00:00\" \/>\n<meta property=\"og:image\" content=\"https:\/\/www.artinprint.at\/wp-content\/uploads\/2018\/01\/AIP_Button_jetzt2_klein.png\" \/>\n<meta name=\"twitter:card\" content=\"summary_large_image\" \/>\n<meta name=\"twitter:label1\" content=\"Est. reading time\" \/>\n\t<meta name=\"twitter:data1\" content=\"5 minutes\" \/>\n<script type=\"application\/ld+json\" class=\"yoast-schema-graph\">{\"@context\":\"https:\\\/\\\/schema.org\",\"@graph\":[{\"@type\":\"WebPage\",\"@id\":\"https:\\\/\\\/www.artinprint.at\\\/en\\\/margit-hartnagel\\\/\",\"url\":\"https:\\\/\\\/www.artinprint.at\\\/en\\\/margit-hartnagel\\\/\",\"name\":\"Margit Hartnagel - Art in Print\",\"isPartOf\":{\"@id\":\"https:\\\/\\\/www.artinprint.at\\\/en\\\/#website\"},\"primaryImageOfPage\":{\"@id\":\"https:\\\/\\\/www.artinprint.at\\\/en\\\/margit-hartnagel\\\/#primaryimage\"},\"image\":{\"@id\":\"https:\\\/\\\/www.artinprint.at\\\/en\\\/margit-hartnagel\\\/#primaryimage\"},\"thumbnailUrl\":\"https:\\\/\\\/www.artinprint.at\\\/wp-content\\\/uploads\\\/2018\\\/01\\\/AIP_Button_jetzt2_klein.png\",\"datePublished\":\"2021-09-14T11:27:21+00:00\",\"dateModified\":\"2022-05-11T08:07:00+00:00\",\"breadcrumb\":{\"@id\":\"https:\\\/\\\/www.artinprint.at\\\/en\\\/margit-hartnagel\\\/#breadcrumb\"},\"inLanguage\":\"en-US\",\"potentialAction\":[{\"@type\":\"ReadAction\",\"target\":[\"https:\\\/\\\/www.artinprint.at\\\/en\\\/margit-hartnagel\\\/\"]}]},{\"@type\":\"ImageObject\",\"inLanguage\":\"en-US\",\"@id\":\"https:\\\/\\\/www.artinprint.at\\\/en\\\/margit-hartnagel\\\/#primaryimage\",\"url\":\"https:\\\/\\\/www.artinprint.at\\\/wp-content\\\/uploads\\\/2018\\\/01\\\/AIP_Button_jetzt2_klein.png\",\"contentUrl\":\"https:\\\/\\\/www.artinprint.at\\\/wp-content\\\/uploads\\\/2018\\\/01\\\/AIP_Button_jetzt2_klein.png\"},{\"@type\":\"BreadcrumbList\",\"@id\":\"https:\\\/\\\/www.artinprint.at\\\/en\\\/margit-hartnagel\\\/#breadcrumb\",\"itemListElement\":[{\"@type\":\"ListItem\",\"position\":1,\"name\":\"Startseite\",\"item\":\"https:\\\/\\\/www.artinprint.at\\\/en\\\/\"},{\"@type\":\"ListItem\",\"position\":2,\"name\":\"Margit Hartnagel\"}]},{\"@type\":\"WebSite\",\"@id\":\"https:\\\/\\\/www.artinprint.at\\\/en\\\/#website\",\"url\":\"https:\\\/\\\/www.artinprint.at\\\/en\\\/\",\"name\":\"Art in Print\",\"description\":\"\",\"publisher\":{\"@id\":\"https:\\\/\\\/www.artinprint.at\\\/en\\\/#organization\"},\"potentialAction\":[{\"@type\":\"SearchAction\",\"target\":{\"@type\":\"EntryPoint\",\"urlTemplate\":\"https:\\\/\\\/www.artinprint.at\\\/en\\\/?s={search_term_string}\"},\"query-input\":{\"@type\":\"PropertyValueSpecification\",\"valueRequired\":true,\"valueName\":\"search_term_string\"}}],\"inLanguage\":\"en-US\"},{\"@type\":\"Organization\",\"@id\":\"https:\\\/\\\/www.artinprint.at\\\/en\\\/#organization\",\"name\":\"art in print\",\"url\":\"https:\\\/\\\/www.artinprint.at\\\/en\\\/\",\"logo\":{\"@type\":\"ImageObject\",\"inLanguage\":\"en-US\",\"@id\":\"https:\\\/\\\/www.artinprint.at\\\/en\\\/#\\\/schema\\\/logo\\\/image\\\/\",\"url\":\"https:\\\/\\\/www.artinprint.at\\\/wp-content\\\/uploads\\\/2020\\\/04\\\/cropped-art-in-print_logo.png\",\"contentUrl\":\"https:\\\/\\\/www.artinprint.at\\\/wp-content\\\/uploads\\\/2020\\\/04\\\/cropped-art-in-print_logo.png\",\"width\":512,\"height\":512,\"caption\":\"art in print\"},\"image\":{\"@id\":\"https:\\\/\\\/www.artinprint.at\\\/en\\\/#\\\/schema\\\/logo\\\/image\\\/\"}}]}<\/script>\n<!-- \/ Yoast SEO plugin. -->","yoast_head_json":{"title":"Margit Hartnagel - Art in Print","robots":{"index":"index","follow":"follow","max-snippet":"max-snippet:-1","max-image-preview":"max-image-preview:large","max-video-preview":"max-video-preview:-1"},"canonical":"https:\/\/www.artinprint.at\/en\/margit-hartnagel\/","og_locale":"en_US","og_type":"article","og_title":"Margit Hartnagel - Art in Print","og_description":"&nbsp; &nbsp; \u00a0 Margit Hartnagel(born 1970 in Ravensburg, Germany) Empty Square-1, 2018,\u00a0for the art in print series women II Screen print in six colours, printed on BFK Rives B\u00fctten paper 300 g by Ekkeland G\u00f6tze, M\u00fcnich Edition of 33 + 5 AP + 2 EP + 1 PP Signed, dated, numbered and titled by the [&hellip;]","og_url":"https:\/\/www.artinprint.at\/en\/margit-hartnagel\/","og_site_name":"Art in Print","article_modified_time":"2022-05-11T08:07:00+00:00","og_image":[{"url":"https:\/\/www.artinprint.at\/wp-content\/uploads\/2018\/01\/AIP_Button_jetzt2_klein.png","type":"","width":"","height":""}],"twitter_card":"summary_large_image","twitter_misc":{"Est. reading time":"5 minutes"},"schema":{"@context":"https:\/\/schema.org","@graph":[{"@type":"WebPage","@id":"https:\/\/www.artinprint.at\/en\/margit-hartnagel\/","url":"https:\/\/www.artinprint.at\/en\/margit-hartnagel\/","name":"Margit Hartnagel - Art in Print","isPartOf":{"@id":"https:\/\/www.artinprint.at\/en\/#website"},"primaryImageOfPage":{"@id":"https:\/\/www.artinprint.at\/en\/margit-hartnagel\/#primaryimage"},"image":{"@id":"https:\/\/www.artinprint.at\/en\/margit-hartnagel\/#primaryimage"},"thumbnailUrl":"https:\/\/www.artinprint.at\/wp-content\/uploads\/2018\/01\/AIP_Button_jetzt2_klein.png","datePublished":"2021-09-14T11:27:21+00:00","dateModified":"2022-05-11T08:07:00+00:00","breadcrumb":{"@id":"https:\/\/www.artinprint.at\/en\/margit-hartnagel\/#breadcrumb"},"inLanguage":"en-US","potentialAction":[{"@type":"ReadAction","target":["https:\/\/www.artinprint.at\/en\/margit-hartnagel\/"]}]},{"@type":"ImageObject","inLanguage":"en-US","@id":"https:\/\/www.artinprint.at\/en\/margit-hartnagel\/#primaryimage","url":"https:\/\/www.artinprint.at\/wp-content\/uploads\/2018\/01\/AIP_Button_jetzt2_klein.png","contentUrl":"https:\/\/www.artinprint.at\/wp-content\/uploads\/2018\/01\/AIP_Button_jetzt2_klein.png"},{"@type":"BreadcrumbList","@id":"https:\/\/www.artinprint.at\/en\/margit-hartnagel\/#breadcrumb","itemListElement":[{"@type":"ListItem","position":1,"name":"Startseite","item":"https:\/\/www.artinprint.at\/en\/"},{"@type":"ListItem","position":2,"name":"Margit Hartnagel"}]},{"@type":"WebSite","@id":"https:\/\/www.artinprint.at\/en\/#website","url":"https:\/\/www.artinprint.at\/en\/","name":"Art in Print","description":"","publisher":{"@id":"https:\/\/www.artinprint.at\/en\/#organization"},"potentialAction":[{"@type":"SearchAction","target":{"@type":"EntryPoint","urlTemplate":"https:\/\/www.artinprint.at\/en\/?s={search_term_string}"},"query-input":{"@type":"PropertyValueSpecification","valueRequired":true,"valueName":"search_term_string"}}],"inLanguage":"en-US"},{"@type":"Organization","@id":"https:\/\/www.artinprint.at\/en\/#organization","name":"art in print","url":"https:\/\/www.artinprint.at\/en\/","logo":{"@type":"ImageObject","inLanguage":"en-US","@id":"https:\/\/www.artinprint.at\/en\/#\/schema\/logo\/image\/","url":"https:\/\/www.artinprint.at\/wp-content\/uploads\/2020\/04\/cropped-art-in-print_logo.png","contentUrl":"https:\/\/www.artinprint.at\/wp-content\/uploads\/2020\/04\/cropped-art-in-print_logo.png","width":512,"height":512,"caption":"art in print"},"image":{"@id":"https:\/\/www.artinprint.at\/en\/#\/schema\/logo\/image\/"}}]}},"_links":{"self":[{"href":"https:\/\/www.artinprint.at\/en\/wp-json\/wp\/v2\/pages\/11603","targetHints":{"allow":["GET"]}}],"collection":[{"href":"https:\/\/www.artinprint.at\/en\/wp-json\/wp\/v2\/pages"}],"about":[{"href":"https:\/\/www.artinprint.at\/en\/wp-json\/wp\/v2\/types\/page"}],"author":[{"embeddable":true,"href":"https:\/\/www.artinprint.at\/en\/wp-json\/wp\/v2\/users\/1"}],"replies":[{"embeddable":true,"href":"https:\/\/www.artinprint.at\/en\/wp-json\/wp\/v2\/comments?post=11603"}],"version-history":[{"count":10,"href":"https:\/\/www.artinprint.at\/en\/wp-json\/wp\/v2\/pages\/11603\/revisions"}],"predecessor-version":[{"id":12805,"href":"https:\/\/www.artinprint.at\/en\/wp-json\/wp\/v2\/pages\/11603\/revisions\/12805"}],"wp:attachment":[{"href":"https:\/\/www.artinprint.at\/en\/wp-json\/wp\/v2\/media?parent=11603"}],"curies":[{"name":"wp","href":"https:\/\/api.w.org\/{rel}","templated":true}]}}