{"id":11584,"date":"2021-09-10T07:22:57","date_gmt":"2021-09-10T05:22:57","guid":{"rendered":"https:\/\/www.artinprint.at\/helga-cmelka\/"},"modified":"2022-05-11T09:59:50","modified_gmt":"2022-05-11T07:59:50","slug":"helga-cmelka","status":"publish","type":"page","link":"https:\/\/www.artinprint.at\/en\/helga-cmelka\/","title":{"rendered":"Helga Cmelka"},"content":{"rendered":"<p>[et_pb_section fb_built=&#8221;1&#8243; fullwidth=&#8221;on&#8221; _builder_version=&#8221;4.16&#8243; global_colors_info=&#8221;{}&#8221;][et_pb_fullwidth_header _builder_version=&#8221;4.16&#8243; background_color=&#8221;rgba(255,255,255,0)&#8221; background_image=&#8221;https:\/\/www.artinprint.at\/wp-content\/uploads\/2019\/01\/Header_Helga_Cmelka_1200x400.jpg&#8221; background_layout=&#8221;light&#8221; custom_css_main_element=&#8221;height: 400px;&#8221; global_colors_info=&#8221;{}&#8221; button_one_text_size__hover_enabled=&#8221;off&#8221; button_two_text_size__hover_enabled=&#8221;off&#8221; button_one_text_color__hover_enabled=&#8221;off&#8221; button_two_text_color__hover_enabled=&#8221;off&#8221; button_one_border_width__hover_enabled=&#8221;off&#8221; button_two_border_width__hover_enabled=&#8221;off&#8221; button_one_border_color__hover_enabled=&#8221;off&#8221; button_two_border_color__hover_enabled=&#8221;off&#8221; button_one_border_radius__hover_enabled=&#8221;off&#8221; button_two_border_radius__hover_enabled=&#8221;off&#8221; button_one_letter_spacing__hover_enabled=&#8221;off&#8221; button_two_letter_spacing__hover_enabled=&#8221;off&#8221; button_one_bg_color__hover_enabled=&#8221;off&#8221; button_two_bg_color__hover_enabled=&#8221;off&#8221;]<\/p>\n<p>&nbsp;<\/p>\n<p>[\/et_pb_fullwidth_header][et_pb_fullwidth_header title=&#8221;Helga Cmelka&#8221; subhead=&#8221;<em>Aquarius, 2018<\/em>&#8221; _builder_version=&#8221;4.16&#8243; background_color=&#8221;#445C82&#8243; custom_padding=&#8221;25px|170px|15px|170px&#8221; saved_tabs=&#8221;all&#8221; global_colors_info=&#8221;{}&#8221; button_one_text_size__hover_enabled=&#8221;off&#8221; button_two_text_size__hover_enabled=&#8221;off&#8221; button_one_text_color__hover_enabled=&#8221;off&#8221; button_two_text_color__hover_enabled=&#8221;off&#8221; button_one_border_width__hover_enabled=&#8221;off&#8221; button_two_border_width__hover_enabled=&#8221;off&#8221; button_one_border_color__hover_enabled=&#8221;off&#8221; button_two_border_color__hover_enabled=&#8221;off&#8221; button_one_border_radius__hover_enabled=&#8221;off&#8221; button_two_border_radius__hover_enabled=&#8221;off&#8221; button_one_letter_spacing__hover_enabled=&#8221;off&#8221; button_two_letter_spacing__hover_enabled=&#8221;off&#8221; button_one_bg_color__hover_enabled=&#8221;off&#8221; button_two_bg_color__hover_enabled=&#8221;off&#8221;]<\/p>\n<p>&nbsp;<\/p>\n<p>[\/et_pb_fullwidth_header][\/et_pb_section][et_pb_section fb_built=&#8221;1&#8243; _builder_version=&#8221;4.16&#8243; background_color=&#8221;rgba(0,0,0,0)&#8221; custom_padding=&#8221;0px|0px|40px|0px|false|false&#8221; global_colors_info=&#8221;{}&#8221;][et_pb_row column_structure=&#8221;1_2,1_2&#8243; _builder_version=&#8221;4.16&#8243; background_size=&#8221;initial&#8221; background_position=&#8221;top_left&#8221; background_repeat=&#8221;repeat&#8221; width=&#8221;66%&#8221; module_alignment=&#8221;center&#8221; custom_padding=&#8221;|0px|0px|0px|false|false&#8221; global_colors_info=&#8221;{}&#8221;][et_pb_column type=&#8221;1_2&#8243; _builder_version=&#8221;4.16&#8243; custom_padding=&#8221;|||&#8221; global_colors_info=&#8221;{}&#8221; custom_padding__hover=&#8221;|||&#8221;][et_pb_image src=&#8221;https:\/\/www.artinprint.at\/wp-content\/uploads\/2019\/01\/Helga_Cmelka_Aquarius_1600x1600_transparenter_hintergrund-min.png&#8221; show_in_lightbox=&#8221;on&#8221; _builder_version=&#8221;4.16&#8243; global_colors_info=&#8221;{}&#8221;][\/et_pb_image][\/et_pb_column][et_pb_column type=&#8221;1_2&#8243; _builder_version=&#8221;4.16&#8243; custom_padding=&#8221;|||&#8221; global_colors_info=&#8221;{}&#8221; custom_padding__hover=&#8221;|||&#8221;][et_pb_text _builder_version=&#8221;4.16&#8243; global_colors_info=&#8221;{}&#8221;]<\/p>\n<p><strong><\/strong><\/p>\n<p><strong><\/strong><\/p>\n<p><strong><\/strong><\/p>\n<p><strong><\/strong><\/p>\n<p><strong>Helga Cmelka<\/strong><br \/>(born 1952 in M\u00f6dling, Lower Austria)<\/p>\n<p><em>Aquarius, 2018,\u00a0<\/em> for the edition <em>women II<\/em>\u00a0 by art in print<\/p>\n<p>Screen print in 6 colours on Fabriano white cotton 350 g, printed by Robert Svoboda, art&amp;print, Vienna<\/p>\n<p>Edition of 33 + 5 AP + 2 EP + 1 PP<\/p>\n<p>Signed, dated, titled and numbered by the artist<\/p>\n<p>40 x 50 cm<\/p>\n<p><a href=\"https:\/\/www.artinprint.at\/produkt\/helga-smelka-aquarius-2018\/\"><img loading=\"lazy\" decoding=\"async\" class=\"wp-image-296 alignleft size-full\" src=\"https:\/\/www.artinprint.at\/wp-content\/uploads\/2018\/01\/AIP_Button_jetzt2_klein.png\" alt=\"Button jetzt kaufen von art in print\" width=\"100\" height=\"100\" \/><\/a><\/p>\n<p>[\/et_pb_text][et_pb_text _builder_version=&#8221;4.16&#8243; global_colors_info=&#8221;{}&#8221;]<br \/>\n[\/et_pb_text][\/et_pb_column][\/et_pb_row][et_pb_row module_class=&#8221; et_pb_row_fullwidth&#8221; _builder_version=&#8221;4.16&#8243; width=&#8221;94%&#8221; width_tablet=&#8221;80%&#8221; width_phone=&#8221;&#8221; width_last_edited=&#8221;on|desktop&#8221; max_width=&#8221;94%&#8221; max_width_tablet=&#8221;80%&#8221; max_width_phone=&#8221;&#8221; max_width_last_edited=&#8221;on|desktop&#8221; custom_padding=&#8221;27px|0px|0px|0px&#8221; make_fullwidth=&#8221;on&#8221; global_colors_info=&#8221;{}&#8221;][et_pb_column type=&#8221;4_4&#8243; _builder_version=&#8221;4.16&#8243; custom_padding=&#8221;|||&#8221; global_colors_info=&#8221;{}&#8221; custom_padding__hover=&#8221;|||&#8221;][et_pb_divider color=&#8221;rgba(68,92,130,0.23)&#8221; _builder_version=&#8221;4.16&#8243; global_colors_info=&#8221;{}&#8221;]<\/p>\n<p>&nbsp;<\/p>\n<p>[\/et_pb_divider][\/et_pb_column][\/et_pb_row][et_pb_row column_structure=&#8221;1_2,1_2&#8243; _builder_version=&#8221;4.16&#8243; background_size=&#8221;initial&#8221; background_position=&#8221;top_left&#8221; background_repeat=&#8221;repeat&#8221; width=&#8221;66%&#8221; module_alignment=&#8221;center&#8221; custom_padding=&#8221;15px|0px||0px|false|false&#8221; global_colors_info=&#8221;{}&#8221;][et_pb_column type=&#8221;1_2&#8243; _builder_version=&#8221;4.16&#8243; custom_padding=&#8221;|||&#8221; global_colors_info=&#8221;{}&#8221; custom_padding__hover=&#8221;|||&#8221;][et_pb_image src=&#8221;https:\/\/www.artinprint.at\/wp-content\/uploads\/2019\/01\/Helga-Cmelka-portrait-500.jpg&#8221; show_in_lightbox=&#8221;on&#8221; show_bottom_space=&#8221;off&#8221; force_fullwidth=&#8221;on&#8221; align_tablet=&#8221;center&#8221; align_phone=&#8221;&#8221; align_last_edited=&#8221;on|desktop&#8221; _builder_version=&#8221;4.16&#8243; global_colors_info=&#8221;{}&#8221;]<\/p>\n<p>&nbsp;<\/p>\n<p>[\/et_pb_image][\/et_pb_column][et_pb_column type=&#8221;1_2&#8243; _builder_version=&#8221;4.16&#8243; custom_padding=&#8221;|||&#8221; global_colors_info=&#8221;{}&#8221; custom_padding__hover=&#8221;|||&#8221;][et_pb_text _builder_version=&#8221;4.16&#8243; global_colors_info=&#8221;{}&#8221;]<\/p>\n<h2>Helga Cmelka<\/h2>\n<p><strong>1952<\/strong> \/\/ born in M\u00f6dling \/\/ lives and works in Lower Austria and Vienna.<\/p>\n<p>Member of the Vienna K\u00fcnstlerhaus since 1990; has been running the kunstraumarcade in M\u00f6dling together with colleagues for 1994.<\/p>\n<p>Exhbitions national and abroad<\/p>\n<p><strong>2007<\/strong> \/\/ Invitation as Artist in Residence and Visiting Lecturer at the RMIT University, School<\/p>\n<p> of Art, Printmaking Department, Melbourne, AUS<\/p>\n<p> <strong>2009<\/strong> \/\/ Gastatelier \u201eMaltator\u201c, Gm\u00fcnd, K\u00e4rnten<\/p>\n<p> <strong>2012<\/strong> \/\/ \u201eArtist in Residence\u201c, \u00d6KKV Kulturfabriken \u00d6rnsk\u00f6ldsvik\/S<\/p>\n<p>[\/et_pb_text][\/et_pb_column][\/et_pb_row][et_pb_row _builder_version=&#8221;4.16&#8243; width=&#8221;66%&#8221; custom_padding=&#8221;0||30px||false|false&#8221; global_colors_info=&#8221;{}&#8221;][et_pb_column type=&#8221;4_4&#8243; _builder_version=&#8221;4.16&#8243; custom_padding=&#8221;|||&#8221; global_colors_info=&#8221;{}&#8221; custom_padding__hover=&#8221;|||&#8221;][et_pb_text _builder_version=&#8221;4.16&#8243; global_colors_info=&#8221;{}&#8221;]<\/p>\n<p>\u201cIn all of my works, there is a front, a back and an in-between \u2013 layer after layer. In the drawings, in the sculptures made out of knotted wires and especially in the graphic prints. I\u2019ve been dealing extensively with graphics for over 30 years, and with screen printing in particular over the last few years, as I\u2019ve found the best way of combining my different works and techniques and applying them graphically. <\/p>\n<p>Webs in a huge variety of textures, thicknesses and structures play a big part in my work. The properties of the material help to determine the working process, so the mechanical product is linked with the artist\u2019s own craftsmanship. For the screen print, I also use textile material and stitch \u2013 the needle replaces the pen. <\/p>\n<p>My sculptures are knotted out of wire, interwoven partly with feathers, yarn or woven material. They are reminiscent of nests, husks, insects and larvae. These sculptures often also feature in printed form in screen prints \u2013 interlinked, interwoven and intertwined.\u201d<\/p>\n<p><strong>Helga Cmelka, 2018<\/strong><\/p>\n<p>[\/et_pb_text][\/et_pb_column][\/et_pb_row][et_pb_row _builder_version=&#8221;4.16&#8243; width=&#8221;66%&#8221; module_alignment=&#8221;center&#8221; custom_margin=&#8221;|||&#8221; custom_padding=&#8221;0px||0||false|false&#8221; global_colors_info=&#8221;{}&#8221;][et_pb_column type=&#8221;4_4&#8243; _builder_version=&#8221;4.16&#8243; custom_padding=&#8221;|||&#8221; global_colors_info=&#8221;{}&#8221; custom_padding__hover=&#8221;|||&#8221;][et_pb_text _builder_version=&#8221;4.16&#8243; global_colors_info=&#8221;{}&#8221;]<\/p>\n<h2>About the artist<\/h2>\n<p>[&#8230;] Although the artist establishes a close relationship with the materials she works with, it\u2019s not the material on its own that stands out. It\u2019s increasingly about structure, layering, sequencing, lines and transparency. If the material found now carries those properties that are suitable for the implementation of Helga Cmelka\u2019s ideas, it is selected and explored to the very depths of its power of representation [&#8230;] <\/p>\n<p>Sonja Traar<\/p>\n<p>[\/et_pb_text][\/et_pb_column][\/et_pb_row][\/et_pb_section]<\/p>\n<span class=\"et_bloom_bottom_trigger\"><\/span>","protected":false},"excerpt":{"rendered":"<p>&nbsp; &nbsp; Helga Cmelka(born 1952 in M\u00f6dling, Lower Austria) Aquarius, 2018,\u00a0 for the edition women II\u00a0 by art in print Screen print in 6 colours on Fabriano white cotton 350 g, printed by Robert Svoboda, art&amp;print, Vienna Edition of 33 + 5 AP + 2 EP + 1 PP Signed, dated, titled and numbered by [&hellip;]<\/p>\n","protected":false},"author":1,"featured_media":0,"parent":0,"menu_order":42,"comment_status":"closed","ping_status":"closed","template":"","meta":{"_et_pb_use_builder":"on","_et_pb_old_content":"","_et_gb_content_width":"","footnotes":""},"class_list":["post-11584","page","type-page","status-publish","hentry"],"yoast_head":"<!-- This site is optimized with the Yoast SEO plugin v27.3 - https:\/\/yoast.com\/product\/yoast-seo-wordpress\/ -->\n<title>Helga Cmelka - Art in Print<\/title>\n<meta name=\"robots\" content=\"index, follow, max-snippet:-1, max-image-preview:large, max-video-preview:-1\" \/>\n<link rel=\"canonical\" href=\"https:\/\/www.artinprint.at\/en\/helga-cmelka\/\" \/>\n<meta property=\"og:locale\" content=\"en_US\" \/>\n<meta property=\"og:type\" content=\"article\" \/>\n<meta property=\"og:title\" content=\"Helga Cmelka - Art in Print\" \/>\n<meta property=\"og:description\" content=\"&nbsp; &nbsp; Helga Cmelka(born 1952 in M\u00f6dling, Lower Austria) Aquarius, 2018,\u00a0 for the edition women II\u00a0 by art in print Screen print in 6 colours on Fabriano white cotton 350 g, printed by Robert Svoboda, art&amp;print, Vienna Edition of 33 + 5 AP + 2 EP + 1 PP Signed, dated, titled and numbered by [&hellip;]\" \/>\n<meta property=\"og:url\" content=\"https:\/\/www.artinprint.at\/en\/helga-cmelka\/\" \/>\n<meta property=\"og:site_name\" content=\"Art in Print\" \/>\n<meta property=\"article:modified_time\" content=\"2022-05-11T07:59:50+00:00\" \/>\n<meta property=\"og:image\" content=\"https:\/\/www.artinprint.at\/wp-content\/uploads\/2018\/01\/AIP_Button_jetzt2_klein.png\" \/>\n<meta name=\"twitter:card\" content=\"summary_large_image\" \/>\n<meta name=\"twitter:label1\" content=\"Est. reading time\" \/>\n\t<meta name=\"twitter:data1\" content=\"5 minutes\" \/>\n<script type=\"application\/ld+json\" class=\"yoast-schema-graph\">{\"@context\":\"https:\\\/\\\/schema.org\",\"@graph\":[{\"@type\":\"WebPage\",\"@id\":\"https:\\\/\\\/www.artinprint.at\\\/en\\\/helga-cmelka\\\/\",\"url\":\"https:\\\/\\\/www.artinprint.at\\\/en\\\/helga-cmelka\\\/\",\"name\":\"Helga Cmelka - Art in Print\",\"isPartOf\":{\"@id\":\"https:\\\/\\\/www.artinprint.at\\\/en\\\/#website\"},\"primaryImageOfPage\":{\"@id\":\"https:\\\/\\\/www.artinprint.at\\\/en\\\/helga-cmelka\\\/#primaryimage\"},\"image\":{\"@id\":\"https:\\\/\\\/www.artinprint.at\\\/en\\\/helga-cmelka\\\/#primaryimage\"},\"thumbnailUrl\":\"https:\\\/\\\/www.artinprint.at\\\/wp-content\\\/uploads\\\/2018\\\/01\\\/AIP_Button_jetzt2_klein.png\",\"datePublished\":\"2021-09-10T05:22:57+00:00\",\"dateModified\":\"2022-05-11T07:59:50+00:00\",\"breadcrumb\":{\"@id\":\"https:\\\/\\\/www.artinprint.at\\\/en\\\/helga-cmelka\\\/#breadcrumb\"},\"inLanguage\":\"en-US\",\"potentialAction\":[{\"@type\":\"ReadAction\",\"target\":[\"https:\\\/\\\/www.artinprint.at\\\/en\\\/helga-cmelka\\\/\"]}]},{\"@type\":\"ImageObject\",\"inLanguage\":\"en-US\",\"@id\":\"https:\\\/\\\/www.artinprint.at\\\/en\\\/helga-cmelka\\\/#primaryimage\",\"url\":\"https:\\\/\\\/www.artinprint.at\\\/wp-content\\\/uploads\\\/2018\\\/01\\\/AIP_Button_jetzt2_klein.png\",\"contentUrl\":\"https:\\\/\\\/www.artinprint.at\\\/wp-content\\\/uploads\\\/2018\\\/01\\\/AIP_Button_jetzt2_klein.png\"},{\"@type\":\"BreadcrumbList\",\"@id\":\"https:\\\/\\\/www.artinprint.at\\\/en\\\/helga-cmelka\\\/#breadcrumb\",\"itemListElement\":[{\"@type\":\"ListItem\",\"position\":1,\"name\":\"Startseite\",\"item\":\"https:\\\/\\\/www.artinprint.at\\\/en\\\/\"},{\"@type\":\"ListItem\",\"position\":2,\"name\":\"Helga Cmelka\"}]},{\"@type\":\"WebSite\",\"@id\":\"https:\\\/\\\/www.artinprint.at\\\/en\\\/#website\",\"url\":\"https:\\\/\\\/www.artinprint.at\\\/en\\\/\",\"name\":\"Art in Print\",\"description\":\"\",\"publisher\":{\"@id\":\"https:\\\/\\\/www.artinprint.at\\\/en\\\/#organization\"},\"potentialAction\":[{\"@type\":\"SearchAction\",\"target\":{\"@type\":\"EntryPoint\",\"urlTemplate\":\"https:\\\/\\\/www.artinprint.at\\\/en\\\/?s={search_term_string}\"},\"query-input\":{\"@type\":\"PropertyValueSpecification\",\"valueRequired\":true,\"valueName\":\"search_term_string\"}}],\"inLanguage\":\"en-US\"},{\"@type\":\"Organization\",\"@id\":\"https:\\\/\\\/www.artinprint.at\\\/en\\\/#organization\",\"name\":\"art in print\",\"url\":\"https:\\\/\\\/www.artinprint.at\\\/en\\\/\",\"logo\":{\"@type\":\"ImageObject\",\"inLanguage\":\"en-US\",\"@id\":\"https:\\\/\\\/www.artinprint.at\\\/en\\\/#\\\/schema\\\/logo\\\/image\\\/\",\"url\":\"https:\\\/\\\/www.artinprint.at\\\/wp-content\\\/uploads\\\/2020\\\/04\\\/cropped-art-in-print_logo.png\",\"contentUrl\":\"https:\\\/\\\/www.artinprint.at\\\/wp-content\\\/uploads\\\/2020\\\/04\\\/cropped-art-in-print_logo.png\",\"width\":512,\"height\":512,\"caption\":\"art in print\"},\"image\":{\"@id\":\"https:\\\/\\\/www.artinprint.at\\\/en\\\/#\\\/schema\\\/logo\\\/image\\\/\"}}]}<\/script>\n<!-- \/ Yoast SEO plugin. -->","yoast_head_json":{"title":"Helga Cmelka - Art in Print","robots":{"index":"index","follow":"follow","max-snippet":"max-snippet:-1","max-image-preview":"max-image-preview:large","max-video-preview":"max-video-preview:-1"},"canonical":"https:\/\/www.artinprint.at\/en\/helga-cmelka\/","og_locale":"en_US","og_type":"article","og_title":"Helga Cmelka - Art in Print","og_description":"&nbsp; &nbsp; Helga Cmelka(born 1952 in M\u00f6dling, Lower Austria) Aquarius, 2018,\u00a0 for the edition women II\u00a0 by art in print Screen print in 6 colours on Fabriano white cotton 350 g, printed by Robert Svoboda, art&amp;print, Vienna Edition of 33 + 5 AP + 2 EP + 1 PP Signed, dated, titled and numbered by [&hellip;]","og_url":"https:\/\/www.artinprint.at\/en\/helga-cmelka\/","og_site_name":"Art in Print","article_modified_time":"2022-05-11T07:59:50+00:00","og_image":[{"url":"https:\/\/www.artinprint.at\/wp-content\/uploads\/2018\/01\/AIP_Button_jetzt2_klein.png","type":"","width":"","height":""}],"twitter_card":"summary_large_image","twitter_misc":{"Est. reading time":"5 minutes"},"schema":{"@context":"https:\/\/schema.org","@graph":[{"@type":"WebPage","@id":"https:\/\/www.artinprint.at\/en\/helga-cmelka\/","url":"https:\/\/www.artinprint.at\/en\/helga-cmelka\/","name":"Helga Cmelka - Art in Print","isPartOf":{"@id":"https:\/\/www.artinprint.at\/en\/#website"},"primaryImageOfPage":{"@id":"https:\/\/www.artinprint.at\/en\/helga-cmelka\/#primaryimage"},"image":{"@id":"https:\/\/www.artinprint.at\/en\/helga-cmelka\/#primaryimage"},"thumbnailUrl":"https:\/\/www.artinprint.at\/wp-content\/uploads\/2018\/01\/AIP_Button_jetzt2_klein.png","datePublished":"2021-09-10T05:22:57+00:00","dateModified":"2022-05-11T07:59:50+00:00","breadcrumb":{"@id":"https:\/\/www.artinprint.at\/en\/helga-cmelka\/#breadcrumb"},"inLanguage":"en-US","potentialAction":[{"@type":"ReadAction","target":["https:\/\/www.artinprint.at\/en\/helga-cmelka\/"]}]},{"@type":"ImageObject","inLanguage":"en-US","@id":"https:\/\/www.artinprint.at\/en\/helga-cmelka\/#primaryimage","url":"https:\/\/www.artinprint.at\/wp-content\/uploads\/2018\/01\/AIP_Button_jetzt2_klein.png","contentUrl":"https:\/\/www.artinprint.at\/wp-content\/uploads\/2018\/01\/AIP_Button_jetzt2_klein.png"},{"@type":"BreadcrumbList","@id":"https:\/\/www.artinprint.at\/en\/helga-cmelka\/#breadcrumb","itemListElement":[{"@type":"ListItem","position":1,"name":"Startseite","item":"https:\/\/www.artinprint.at\/en\/"},{"@type":"ListItem","position":2,"name":"Helga Cmelka"}]},{"@type":"WebSite","@id":"https:\/\/www.artinprint.at\/en\/#website","url":"https:\/\/www.artinprint.at\/en\/","name":"Art in Print","description":"","publisher":{"@id":"https:\/\/www.artinprint.at\/en\/#organization"},"potentialAction":[{"@type":"SearchAction","target":{"@type":"EntryPoint","urlTemplate":"https:\/\/www.artinprint.at\/en\/?s={search_term_string}"},"query-input":{"@type":"PropertyValueSpecification","valueRequired":true,"valueName":"search_term_string"}}],"inLanguage":"en-US"},{"@type":"Organization","@id":"https:\/\/www.artinprint.at\/en\/#organization","name":"art in print","url":"https:\/\/www.artinprint.at\/en\/","logo":{"@type":"ImageObject","inLanguage":"en-US","@id":"https:\/\/www.artinprint.at\/en\/#\/schema\/logo\/image\/","url":"https:\/\/www.artinprint.at\/wp-content\/uploads\/2020\/04\/cropped-art-in-print_logo.png","contentUrl":"https:\/\/www.artinprint.at\/wp-content\/uploads\/2020\/04\/cropped-art-in-print_logo.png","width":512,"height":512,"caption":"art in print"},"image":{"@id":"https:\/\/www.artinprint.at\/en\/#\/schema\/logo\/image\/"}}]}},"_links":{"self":[{"href":"https:\/\/www.artinprint.at\/en\/wp-json\/wp\/v2\/pages\/11584","targetHints":{"allow":["GET"]}}],"collection":[{"href":"https:\/\/www.artinprint.at\/en\/wp-json\/wp\/v2\/pages"}],"about":[{"href":"https:\/\/www.artinprint.at\/en\/wp-json\/wp\/v2\/types\/page"}],"author":[{"embeddable":true,"href":"https:\/\/www.artinprint.at\/en\/wp-json\/wp\/v2\/users\/1"}],"replies":[{"embeddable":true,"href":"https:\/\/www.artinprint.at\/en\/wp-json\/wp\/v2\/comments?post=11584"}],"version-history":[{"count":9,"href":"https:\/\/www.artinprint.at\/en\/wp-json\/wp\/v2\/pages\/11584\/revisions"}],"predecessor-version":[{"id":12801,"href":"https:\/\/www.artinprint.at\/en\/wp-json\/wp\/v2\/pages\/11584\/revisions\/12801"}],"wp:attachment":[{"href":"https:\/\/www.artinprint.at\/en\/wp-json\/wp\/v2\/media?parent=11584"}],"curies":[{"name":"wp","href":"https:\/\/api.w.org\/{rel}","templated":true}]}}