{"id":11563,"date":"2021-09-09T15:08:32","date_gmt":"2021-09-09T13:08:32","guid":{"rendered":"https:\/\/www.artinprint.at\/artists-at-art-in-print\/"},"modified":"2024-03-01T21:19:06","modified_gmt":"2024-03-01T20:19:06","slug":"artists-at-art-in-print","status":"publish","type":"page","link":"https:\/\/www.artinprint.at\/en\/artists-at-art-in-print\/","title":{"rendered":"Artists at art in print"},"content":{"rendered":"<p>[et_pb_section fb_built=&#8221;1&#8243; fullwidth=&#8221;on&#8221; _builder_version=&#8221;4.16&#8243; background_color=&#8221;#445C82&#8243; global_colors_info=&#8221;{}&#8221;][et_pb_fullwidth_header _builder_version=&#8221;4.16&#8243; global_colors_info=&#8221;{}&#8221;]<\/p>\n<h1>Artists at art in print<\/h1>\n<p>[\/et_pb_fullwidth_header][\/et_pb_section][et_pb_section fb_built=&#8221;1&#8243; _builder_version=&#8221;4.16&#8243; global_colors_info=&#8221;{}&#8221;][et_pb_row _builder_version=&#8221;4.16&#8243; global_colors_info=&#8221;{}&#8221;][et_pb_column type=&#8221;4_4&#8243; _builder_version=&#8221;4.16&#8243; global_colors_info=&#8221;{}&#8221;][et_pb_text _builder_version=&#8221;4.24.2&#8243; hover_enabled=&#8221;0&#8243; global_colors_info=&#8221;{}&#8221; sticky_enabled=&#8221;0&#8243;]<\/p>\n<p><a href=\"https:\/\/www.artinprint.at\/en\/andrea-bischof\/?lang=en\">Andrea Bischof<\/a><br \/><a href=\"https:\/\/www.artinprint.at\/en\/helga-cmelka\/?lang=en\">Helga Cmelka<\/a><br \/><a href=\"https:\/\/www.artinprint.at\/en\/georgia-creimer\/?lang=en\">Georgia Creimer<\/a><br \/><a href=\"https:\/\/www.artinprint.at\/en\/?page_id=12907\">Babsi Daum<\/a><br \/><a href=\"https:\/\/www.artinprint.at\/en\/michela-ghisetti\/?lang=en\">Michela Ghisetti<\/a><br \/><a href=\"https:\/\/www.artinprint.at\/en\/margit-hartnagel\/?lang=en\">Margit Hartnagel<\/a><br \/><a href=\"https:\/\/www.artinprint.at\/en\/barbara-hoeller\/?lang=en\">Barbara H\u00f6ller<\/a><br \/><a href=\"https:\/\/www.artinprint.at\/en\/eva-hradil\/?lang=en\">Eva Hradil<\/a><br \/><a href=\"https:\/\/www.artinprint.at\/en\/alina-kunitsyna\/?lang=en\">Alina Kunitsyna<\/a><br \/><a href=\"https:\/\/www.artinprint.at\/en\/henriette-leinfellner\/?lang=en\">Henriette Leinfellner<\/a><br \/><a href=\"https:\/\/www.artinprint.at\/en\/larissa-leverenz\/?lang=en\">Larissa Leverenz<\/a><br \/><a href=\"https:\/\/www.artinprint.at\/en\/sali-oelhafen\/?lang=en\">Sali \u00d6lhafen<\/a><br \/><a href=\"https:\/\/www.artinprint.at\/en\/bettina-patermo\/\">Bettina Patermo<\/a><br \/><a href=\"https:\/\/www.artinprint.at\/en\/karin-pliem\/?lang=en\">Karin Pliem<\/a><br \/><a href=\"https:\/\/www.artinprint.at\/en\/gabriele-schoene\/?lang=en\">Gabriele Sch\u00f6ne<\/a><br \/><a href=\"https:\/\/www.artinprint.at\/en\/jelena-sredanovic\/?lang=en\">Jelena Sredanovi\u0107<\/a><br \/><a href=\"https:\/\/www.artinprint.at\/en\/anna-stangl\/?lang=en\">Anna Stangl<\/a><br \/><a href=\"https:\/\/www.artinprint.at\/en\/hannah-stippl\/\">Hannah Stippl<\/a><br \/><a href=\"https:\/\/www.artinprint.at\/en\/gerlinde-thuma\/?lang=en\">Gerlinde Thuma<\/a><br \/><a href=\"https:\/\/www.artinprint.at\/en\/anya-triestram\/?lang=en\">Anya Triestram<\/a><br \/><a href=\"https:\/\/www.artinprint.at\/en\/desislava-unger\/?lang=en\">Desislava Unger<\/a><br \/><a href=\"https:\/\/www.artinprint.at\/en\/regina-zachhalmel\/?lang=en\">Regina Zachhalmel<\/a><br \/><a href=\"https:\/\/www.artinprint.at\/birgit-zinner-2\/?lang=en\">Birgit Zinner<\/a><\/p>\n<p>[\/et_pb_text][\/et_pb_column][\/et_pb_row][\/et_pb_section]<\/p>\n<span class=\"et_bloom_bottom_trigger\"><\/span>","protected":false},"excerpt":{"rendered":"<p>Artists at art in printAndrea BischofHelga CmelkaGeorgia CreimerBabsi DaumMichela GhisettiMargit HartnagelBarbara H\u00f6llerEva HradilAlina KunitsynaHenriette LeinfellnerLarissa LeverenzSali \u00d6lhafenBettina PatermoKarin PliemGabriele Sch\u00f6neJelena Sredanovi\u0107Anna StanglHannah StipplGerlinde ThumaAnya TriestramDesislava UngerRegina ZachhalmelBirgit Zinner<\/p>\n","protected":false},"author":1,"featured_media":0,"parent":0,"menu_order":40,"comment_status":"closed","ping_status":"closed","template":"","meta":{"_et_pb_use_builder":"on","_et_pb_old_content":"","_et_gb_content_width":"","footnotes":""},"class_list":["post-11563","page","type-page","status-publish","hentry"],"yoast_head":"<!-- This site is optimized with the Yoast SEO plugin v27.3 - https:\/\/yoast.com\/product\/yoast-seo-wordpress\/ -->\n<title>Artists at art in print - Art in Print<\/title>\n<meta name=\"robots\" content=\"index, follow, max-snippet:-1, max-image-preview:large, max-video-preview:-1\" \/>\n<link rel=\"canonical\" href=\"https:\/\/www.artinprint.at\/en\/artists-at-art-in-print\/\" \/>\n<meta property=\"og:locale\" content=\"en_US\" \/>\n<meta property=\"og:type\" content=\"article\" \/>\n<meta property=\"og:title\" content=\"Artists at art in print - Art in Print\" \/>\n<meta property=\"og:description\" content=\"Artists at art in printAndrea BischofHelga CmelkaGeorgia CreimerBabsi DaumMichela GhisettiMargit HartnagelBarbara H\u00f6llerEva HradilAlina KunitsynaHenriette LeinfellnerLarissa LeverenzSali \u00d6lhafenBettina PatermoKarin PliemGabriele Sch\u00f6neJelena Sredanovi\u0107Anna StanglHannah StipplGerlinde ThumaAnya TriestramDesislava UngerRegina ZachhalmelBirgit Zinner\" \/>\n<meta property=\"og:url\" content=\"https:\/\/www.artinprint.at\/en\/artists-at-art-in-print\/\" \/>\n<meta property=\"og:site_name\" content=\"Art in Print\" \/>\n<meta property=\"article:modified_time\" content=\"2024-03-01T20:19:06+00:00\" \/>\n<meta name=\"twitter:card\" content=\"summary_large_image\" \/>\n<meta name=\"twitter:label1\" content=\"Est. reading time\" \/>\n\t<meta name=\"twitter:data1\" content=\"1 minute\" \/>\n<script type=\"application\/ld+json\" class=\"yoast-schema-graph\">{\"@context\":\"https:\\\/\\\/schema.org\",\"@graph\":[{\"@type\":\"WebPage\",\"@id\":\"https:\\\/\\\/www.artinprint.at\\\/en\\\/artists-at-art-in-print\\\/\",\"url\":\"https:\\\/\\\/www.artinprint.at\\\/en\\\/artists-at-art-in-print\\\/\",\"name\":\"Artists at art in print - Art in Print\",\"isPartOf\":{\"@id\":\"https:\\\/\\\/www.artinprint.at\\\/en\\\/#website\"},\"datePublished\":\"2021-09-09T13:08:32+00:00\",\"dateModified\":\"2024-03-01T20:19:06+00:00\",\"breadcrumb\":{\"@id\":\"https:\\\/\\\/www.artinprint.at\\\/en\\\/artists-at-art-in-print\\\/#breadcrumb\"},\"inLanguage\":\"en-US\",\"potentialAction\":[{\"@type\":\"ReadAction\",\"target\":[\"https:\\\/\\\/www.artinprint.at\\\/en\\\/artists-at-art-in-print\\\/\"]}]},{\"@type\":\"BreadcrumbList\",\"@id\":\"https:\\\/\\\/www.artinprint.at\\\/en\\\/artists-at-art-in-print\\\/#breadcrumb\",\"itemListElement\":[{\"@type\":\"ListItem\",\"position\":1,\"name\":\"Startseite\",\"item\":\"https:\\\/\\\/www.artinprint.at\\\/en\\\/\"},{\"@type\":\"ListItem\",\"position\":2,\"name\":\"Artists at art in print\"}]},{\"@type\":\"WebSite\",\"@id\":\"https:\\\/\\\/www.artinprint.at\\\/en\\\/#website\",\"url\":\"https:\\\/\\\/www.artinprint.at\\\/en\\\/\",\"name\":\"Art in Print\",\"description\":\"\",\"publisher\":{\"@id\":\"https:\\\/\\\/www.artinprint.at\\\/en\\\/#organization\"},\"potentialAction\":[{\"@type\":\"SearchAction\",\"target\":{\"@type\":\"EntryPoint\",\"urlTemplate\":\"https:\\\/\\\/www.artinprint.at\\\/en\\\/?s={search_term_string}\"},\"query-input\":{\"@type\":\"PropertyValueSpecification\",\"valueRequired\":true,\"valueName\":\"search_term_string\"}}],\"inLanguage\":\"en-US\"},{\"@type\":\"Organization\",\"@id\":\"https:\\\/\\\/www.artinprint.at\\\/en\\\/#organization\",\"name\":\"art in print\",\"url\":\"https:\\\/\\\/www.artinprint.at\\\/en\\\/\",\"logo\":{\"@type\":\"ImageObject\",\"inLanguage\":\"en-US\",\"@id\":\"https:\\\/\\\/www.artinprint.at\\\/en\\\/#\\\/schema\\\/logo\\\/image\\\/\",\"url\":\"https:\\\/\\\/www.artinprint.at\\\/wp-content\\\/uploads\\\/2020\\\/04\\\/cropped-art-in-print_logo.png\",\"contentUrl\":\"https:\\\/\\\/www.artinprint.at\\\/wp-content\\\/uploads\\\/2020\\\/04\\\/cropped-art-in-print_logo.png\",\"width\":512,\"height\":512,\"caption\":\"art in print\"},\"image\":{\"@id\":\"https:\\\/\\\/www.artinprint.at\\\/en\\\/#\\\/schema\\\/logo\\\/image\\\/\"}}]}<\/script>\n<!-- \/ Yoast SEO plugin. -->","yoast_head_json":{"title":"Artists at art in print - Art in Print","robots":{"index":"index","follow":"follow","max-snippet":"max-snippet:-1","max-image-preview":"max-image-preview:large","max-video-preview":"max-video-preview:-1"},"canonical":"https:\/\/www.artinprint.at\/en\/artists-at-art-in-print\/","og_locale":"en_US","og_type":"article","og_title":"Artists at art in print - Art in Print","og_description":"Artists at art in printAndrea BischofHelga CmelkaGeorgia CreimerBabsi DaumMichela GhisettiMargit HartnagelBarbara H\u00f6llerEva HradilAlina KunitsynaHenriette LeinfellnerLarissa LeverenzSali \u00d6lhafenBettina PatermoKarin PliemGabriele Sch\u00f6neJelena Sredanovi\u0107Anna StanglHannah StipplGerlinde ThumaAnya TriestramDesislava UngerRegina ZachhalmelBirgit Zinner","og_url":"https:\/\/www.artinprint.at\/en\/artists-at-art-in-print\/","og_site_name":"Art in Print","article_modified_time":"2024-03-01T20:19:06+00:00","twitter_card":"summary_large_image","twitter_misc":{"Est. reading time":"1 minute"},"schema":{"@context":"https:\/\/schema.org","@graph":[{"@type":"WebPage","@id":"https:\/\/www.artinprint.at\/en\/artists-at-art-in-print\/","url":"https:\/\/www.artinprint.at\/en\/artists-at-art-in-print\/","name":"Artists at art in print - Art in Print","isPartOf":{"@id":"https:\/\/www.artinprint.at\/en\/#website"},"datePublished":"2021-09-09T13:08:32+00:00","dateModified":"2024-03-01T20:19:06+00:00","breadcrumb":{"@id":"https:\/\/www.artinprint.at\/en\/artists-at-art-in-print\/#breadcrumb"},"inLanguage":"en-US","potentialAction":[{"@type":"ReadAction","target":["https:\/\/www.artinprint.at\/en\/artists-at-art-in-print\/"]}]},{"@type":"BreadcrumbList","@id":"https:\/\/www.artinprint.at\/en\/artists-at-art-in-print\/#breadcrumb","itemListElement":[{"@type":"ListItem","position":1,"name":"Startseite","item":"https:\/\/www.artinprint.at\/en\/"},{"@type":"ListItem","position":2,"name":"Artists at art in print"}]},{"@type":"WebSite","@id":"https:\/\/www.artinprint.at\/en\/#website","url":"https:\/\/www.artinprint.at\/en\/","name":"Art in Print","description":"","publisher":{"@id":"https:\/\/www.artinprint.at\/en\/#organization"},"potentialAction":[{"@type":"SearchAction","target":{"@type":"EntryPoint","urlTemplate":"https:\/\/www.artinprint.at\/en\/?s={search_term_string}"},"query-input":{"@type":"PropertyValueSpecification","valueRequired":true,"valueName":"search_term_string"}}],"inLanguage":"en-US"},{"@type":"Organization","@id":"https:\/\/www.artinprint.at\/en\/#organization","name":"art in print","url":"https:\/\/www.artinprint.at\/en\/","logo":{"@type":"ImageObject","inLanguage":"en-US","@id":"https:\/\/www.artinprint.at\/en\/#\/schema\/logo\/image\/","url":"https:\/\/www.artinprint.at\/wp-content\/uploads\/2020\/04\/cropped-art-in-print_logo.png","contentUrl":"https:\/\/www.artinprint.at\/wp-content\/uploads\/2020\/04\/cropped-art-in-print_logo.png","width":512,"height":512,"caption":"art in print"},"image":{"@id":"https:\/\/www.artinprint.at\/en\/#\/schema\/logo\/image\/"}}]}},"_links":{"self":[{"href":"https:\/\/www.artinprint.at\/en\/wp-json\/wp\/v2\/pages\/11563","targetHints":{"allow":["GET"]}}],"collection":[{"href":"https:\/\/www.artinprint.at\/en\/wp-json\/wp\/v2\/pages"}],"about":[{"href":"https:\/\/www.artinprint.at\/en\/wp-json\/wp\/v2\/types\/page"}],"author":[{"embeddable":true,"href":"https:\/\/www.artinprint.at\/en\/wp-json\/wp\/v2\/users\/1"}],"replies":[{"embeddable":true,"href":"https:\/\/www.artinprint.at\/en\/wp-json\/wp\/v2\/comments?post=11563"}],"version-history":[{"count":18,"href":"https:\/\/www.artinprint.at\/en\/wp-json\/wp\/v2\/pages\/11563\/revisions"}],"predecessor-version":[{"id":13592,"href":"https:\/\/www.artinprint.at\/en\/wp-json\/wp\/v2\/pages\/11563\/revisions\/13592"}],"wp:attachment":[{"href":"https:\/\/www.artinprint.at\/en\/wp-json\/wp\/v2\/media?parent=11563"}],"curies":[{"name":"wp","href":"https:\/\/api.w.org\/{rel}","templated":true}]}}