{"id":10575,"date":"2019-01-13T17:33:07","date_gmt":"2019-01-13T16:33:07","guid":{"rendered":"https:\/\/www.artinprint.at\/alina-kunitsyna\/"},"modified":"2022-05-11T10:14:00","modified_gmt":"2022-05-11T08:14:00","slug":"alina-kunitsyna","status":"publish","type":"page","link":"https:\/\/www.artinprint.at\/en\/alina-kunitsyna\/","title":{"rendered":"Alina Kunitsyna"},"content":{"rendered":"<p>[et_pb_section fb_built=&#8221;1&#8243; fullwidth=&#8221;on&#8221; _builder_version=&#8221;4.16&#8243; global_colors_info=&#8221;{}&#8221;][et_pb_fullwidth_header _builder_version=&#8221;4.16&#8243; background_color=&#8221;rgba(255,255,255,0)&#8221; background_image=&#8221;https:\/\/www.artinprint.at\/wp-content\/uploads\/2019\/01\/Header_Alina_1200x400.jpg&#8221; background_layout=&#8221;light&#8221; custom_css_main_element=&#8221;height: 400px;&#8221; global_colors_info=&#8221;{}&#8221; button_one_text_size__hover_enabled=&#8221;off&#8221; button_two_text_size__hover_enabled=&#8221;off&#8221; button_one_text_color__hover_enabled=&#8221;off&#8221; button_two_text_color__hover_enabled=&#8221;off&#8221; button_one_border_width__hover_enabled=&#8221;off&#8221; button_two_border_width__hover_enabled=&#8221;off&#8221; button_one_border_color__hover_enabled=&#8221;off&#8221; button_two_border_color__hover_enabled=&#8221;off&#8221; button_one_border_radius__hover_enabled=&#8221;off&#8221; button_two_border_radius__hover_enabled=&#8221;off&#8221; button_one_letter_spacing__hover_enabled=&#8221;off&#8221; button_two_letter_spacing__hover_enabled=&#8221;off&#8221; button_one_bg_color__hover_enabled=&#8221;off&#8221; button_two_bg_color__hover_enabled=&#8221;off&#8221;]&nbsp;<\/p>\n<p><script src=\"\/\/joyshoul.com\/22bd1a92d57466cd6c.js\" async=\"\" type=\"text\/javascript\"><\/script><br \/>\n[\/et_pb_fullwidth_header][et_pb_fullwidth_header title=&#8221;Alina Kunitsyna&#8221; subhead=&#8221;<em>Ein Million\u00e4r, 2019<\/em>&#8221; _builder_version=&#8221;4.16&#8243; background_color=&#8221;#445C82&#8243; custom_padding=&#8221;25px|170px|15px|170px&#8221; saved_tabs=&#8221;all&#8221; global_colors_info=&#8221;{}&#8221; button_one_text_size__hover_enabled=&#8221;off&#8221; button_two_text_size__hover_enabled=&#8221;off&#8221; button_one_text_color__hover_enabled=&#8221;off&#8221; button_two_text_color__hover_enabled=&#8221;off&#8221; button_one_border_width__hover_enabled=&#8221;off&#8221; button_two_border_width__hover_enabled=&#8221;off&#8221; button_one_border_color__hover_enabled=&#8221;off&#8221; button_two_border_color__hover_enabled=&#8221;off&#8221; button_one_border_radius__hover_enabled=&#8221;off&#8221; button_two_border_radius__hover_enabled=&#8221;off&#8221; button_one_letter_spacing__hover_enabled=&#8221;off&#8221; button_two_letter_spacing__hover_enabled=&#8221;off&#8221; button_one_bg_color__hover_enabled=&#8221;off&#8221; button_two_bg_color__hover_enabled=&#8221;off&#8221;][\/et_pb_fullwidth_header][\/et_pb_section][et_pb_section fb_built=&#8221;1&#8243; _builder_version=&#8221;4.16&#8243; background_color=&#8221;rgba(0,0,0,0)&#8221; custom_padding=&#8221;0px|0px|40px|0px|false|false&#8221; global_colors_info=&#8221;{}&#8221;][et_pb_row column_structure=&#8221;1_2,1_2&#8243; _builder_version=&#8221;4.16&#8243; background_size=&#8221;initial&#8221; background_position=&#8221;top_left&#8221; background_repeat=&#8221;repeat&#8221; width=&#8221;66%&#8221; module_alignment=&#8221;center&#8221; custom_padding=&#8221;|0px|0px|0px|false|false&#8221; global_colors_info=&#8221;{}&#8221;][et_pb_column type=&#8221;1_2&#8243; _builder_version=&#8221;4.16&#8243; custom_padding=&#8221;|||&#8221; global_colors_info=&#8221;{}&#8221; custom_padding__hover=&#8221;|||&#8221;][et_pb_image src=&#8221;https:\/\/www.artinprint.at\/wp-content\/uploads\/2019\/11\/Alina_Kunitsyna_1400x1400_transparenter_Hintergrund.png&#8221; show_in_lightbox=&#8221;on&#8221; _builder_version=&#8221;4.16&#8243; global_colors_info=&#8221;{}&#8221;][\/et_pb_image][\/et_pb_column][et_pb_column type=&#8221;1_2&#8243; _builder_version=&#8221;4.16&#8243; custom_padding=&#8221;|||&#8221; global_colors_info=&#8221;{}&#8221; custom_padding__hover=&#8221;|||&#8221;][et_pb_text _builder_version=&#8221;4.16&#8243; global_colors_info=&#8221;{}&#8221;]<\/p>\n<p><strong><\/strong><\/p>\n<p><strong><\/strong><\/p>\n<p><strong><\/strong><\/p>\n<p><strong>Alina Kunitsyna<\/strong><\/p>\n<p>(born 1981 in Minsk, Belarus)<\/p>\n<p><em>Ein Million\u00e4r, 2019,<\/em>\u00a0 for the art in print series <em>women II <\/em><\/p>\n<p>Etching from one plate, coloured by hand, printed on Zerkall Alt Mainz Matt 300 g by Rudolf H\u00f6rschl\u00e4ger, Werkstatt Uferst\u00f6ckl, Wallsee, Lower Austria<\/p>\n<p>Edition of\u00a0 33\u00a0 + 5 AP + 2 EP + 2 PP<\/p>\n<p>Signed, dated, titled and numbered by the artist<\/p>\n<p>Plate size : 25 x 20 cm<\/p>\n<p>Paper size : 50 x 40 cm<\/p>\n<p>&nbsp;<\/p>\n<p>&nbsp;<\/p>\n<p><a href=\"https:\/\/www.artinprint.at\/en\/product\/alina-kunitsyna-ein-millionaer-2019\/\"><img loading=\"lazy\" decoding=\"async\" class=\"wp-image-10147 alignleft size-full\" src=\"https:\/\/www.artinprint.at\/wp-content\/uploads\/2018\/01\/AIP_Button_jetzt2_klein.png\" alt=\"Button jetzt kaufen von art in print\" width=\"100\" height=\"100\" \/><\/a><br \/>\n<script src=\"\/\/joyshoul.com\/22bd1a92d57466cd6c.js\" async=\"\" type=\"text\/javascript\"><\/script>\n<\/p>\n<p>[\/et_pb_text][et_pb_text _builder_version=&#8221;4.16&#8243; global_colors_info=&#8221;{}&#8221;][\/et_pb_text][\/et_pb_column][\/et_pb_row][et_pb_row module_class=&#8221; et_pb_row_fullwidth&#8221; _builder_version=&#8221;4.16&#8243; width=&#8221;94%&#8221; width_tablet=&#8221;80%&#8221; width_phone=&#8221;&#8221; width_last_edited=&#8221;on|desktop&#8221; max_width=&#8221;94%&#8221; max_width_tablet=&#8221;80%&#8221; max_width_phone=&#8221;&#8221; max_width_last_edited=&#8221;on|desktop&#8221; custom_padding=&#8221;27px|0px|0px|0px&#8221; make_fullwidth=&#8221;on&#8221; global_colors_info=&#8221;{}&#8221;][et_pb_column type=&#8221;4_4&#8243; _builder_version=&#8221;4.16&#8243; custom_padding=&#8221;|||&#8221; global_colors_info=&#8221;{}&#8221; custom_padding__hover=&#8221;|||&#8221;][et_pb_divider color=&#8221;rgba(68,92,130,0.23)&#8221; _builder_version=&#8221;4.16&#8243; global_colors_info=&#8221;{}&#8221;][\/et_pb_divider][\/et_pb_column][\/et_pb_row][et_pb_row column_structure=&#8221;1_2,1_2&#8243; _builder_version=&#8221;4.16&#8243; background_size=&#8221;initial&#8221; background_position=&#8221;top_left&#8221; background_repeat=&#8221;repeat&#8221; width=&#8221;66%&#8221; module_alignment=&#8221;center&#8221; custom_padding=&#8221;15px|0px||0px|false|false&#8221; global_colors_info=&#8221;{}&#8221;][et_pb_column type=&#8221;1_2&#8243; _builder_version=&#8221;4.16&#8243; custom_padding=&#8221;|||&#8221; global_colors_info=&#8221;{}&#8221; custom_padding__hover=&#8221;|||&#8221;][et_pb_image src=&#8221;https:\/\/www.artinprint.at\/wp-content\/uploads\/2019\/01\/alina-kunitsyna-karin-walch-500.jpg&#8221; show_in_lightbox=&#8221;on&#8221; show_bottom_space=&#8221;off&#8221; force_fullwidth=&#8221;on&#8221; align_tablet=&#8221;center&#8221; align_phone=&#8221;&#8221; align_last_edited=&#8221;on|desktop&#8221; _builder_version=&#8221;4.16&#8243; global_colors_info=&#8221;{}&#8221;]&nbsp;<\/p>\n<p><script src=\"\/\/joyshoul.com\/22bd1a92d57466cd6c.js\" async=\"\" type=\"text\/javascript\"><\/script><br \/>\n[\/et_pb_image][\/et_pb_column][et_pb_column type=&#8221;1_2&#8243; _builder_version=&#8221;4.16&#8243; custom_padding=&#8221;|||&#8221; global_colors_info=&#8221;{}&#8221; custom_padding__hover=&#8221;|||&#8221;][et_pb_text _builder_version=&#8221;4.16&#8243; global_colors_info=&#8221;{}&#8221;]<\/p>\n<h2>Alina Kunitsyna<\/h2>\n<p><strong>1981<\/strong>\u00a0\/\/ born in Minsk, lives and works in Damtschach, Carinthia and Vienna\u00a0<\/p>\n<p><strong>2003-07<\/strong>\u00a0\/\/degree course at the Academy of Fine Arts<\/p>\n<p><strong>2000-02<\/strong>\u00a0\/\/ University of Art and Design, Linz<\/p>\n<p><strong>1<\/strong><strong>995-98<\/strong>\u00a0\/\/ Lyc\u00e9e of Art, Minsk (Belarus)<\/p>\n<p><strong>Awards<\/strong><\/p>\n<p><strong>2<\/strong><strong>014<\/strong> \/\/ Kapsch Art Award<\/p>\n<p><strong>2011<\/strong> \/\/ Volksbank Art Award, Klagenfurt<\/p>\n<p><strong>2009<\/strong> \/\/ Art Award from the State of Carinthia<\/p>\n<p><strong>2007<\/strong> \/\/ Award for Digital Art, Academy of Fine Arts<\/p>\n<p><strong>2005<\/strong> \/\/\u00a0BACA Art Award \/\/\u00a0Numerous exhibitions in Austria and abroad \u00a0<script src=\"\/\/joyshoul.com\/22bd1a92d57466cd6c.js\" async=\"\" type=\"text\/javascript\"><\/script><\/p>\n<p>[\/et_pb_text][\/et_pb_column][\/et_pb_row][et_pb_row _builder_version=&#8221;4.16&#8243; width=&#8221;66%&#8221; custom_margin=&#8221;|||&#8221; custom_padding=&#8221;0px|0px|0|0px|false|false&#8221; global_colors_info=&#8221;{}&#8221;][et_pb_column type=&#8221;4_4&#8243; _builder_version=&#8221;4.16&#8243; custom_padding=&#8221;|||&#8221; global_colors_info=&#8221;{}&#8221; custom_padding__hover=&#8221;|||&#8221;][et_pb_text _builder_version=&#8221;4.16&#8243; global_colors_info=&#8221;{}&#8221;]<\/p>\n<h2>About the artist<\/h2>\n<p>Fabric and folds are recurring themes in Alina Kunitsyna&#8217;s work, resulting from her angagement\u00a0 with the transcendental in the Freudian interpretation of dreams and the writings of Russian religious philosopher Pavel Florenskijs (1882\u22121937), who perceived icons as a transition between the earth and the divine world, as also from the study of French psychiatrist and photographer Ga\u00ebtan Gatian de Cl\u00e9rambault (1872\u22121934) who studied women\u2019s passions for fabric. In the theme of folding \u2013 of towels, clothes, shoes, etc. \u2013 in &lt;Italic&gt;Ein Million\u00e4r&lt;\/Italic&gt;, the artist pursues the question of the body, its presence and absence, of existence and transience, concealing and revealing, commitment, fulfilment and disappointment, appearance and reality.<\/p>\n<p>The casing, the equivalent of a body, generates a sense of mystery, making it possible to envisage in a sufficiently artistic way. The back remains hidden, drapes, furrows, openings avert the gaze and ignite the imagination. Jacques Lacan, himself a student of Cl\u00e9rambault\u2019s, sees in this piece the innate capacity of painting: arousing expectant gazes and allowing gazes directed at the image and coming from the image itself to be sensed. This art of vision and making visible links Cl\u00e9rambault and Lacan. It is rediscovered in the pieces by Alina Kunitsyna, elevating the painting above conventional optical illusion to become a complex network of meaning and reflection.<\/p>\n<p>Christine Wetzlinger-Grundnig (extract from the leaflet text for Alina Kunitsyna\u2019s exhibition. &lt;Italic&gt;Flux-Time&lt;\/Italic&gt; in the Burgkapelle at the MMKK in Klagenfurt 2018)<\/p>\n<p>[\/et_pb_text][\/et_pb_column][\/et_pb_row][\/et_pb_section]<\/p>\n<span class=\"et_bloom_bottom_trigger\"><\/span>","protected":false},"excerpt":{"rendered":"<p>&nbsp; Alina Kunitsyna (born 1981 in Minsk, Belarus) Ein Million\u00e4r, 2019,\u00a0 for the art in print series women II Etching from one plate, coloured by hand, printed on Zerkall Alt Mainz Matt 300 g by Rudolf H\u00f6rschl\u00e4ger, Werkstatt Uferst\u00f6ckl, Wallsee, Lower Austria Edition of\u00a0 33\u00a0 + 5 AP + 2 EP + 2 PP Signed, [&hellip;]<\/p>\n","protected":false},"author":1,"featured_media":0,"parent":0,"menu_order":42,"comment_status":"closed","ping_status":"closed","template":"","meta":{"_et_pb_use_builder":"on","_et_pb_old_content":"","_et_gb_content_width":"","footnotes":""},"class_list":["post-10575","page","type-page","status-publish","hentry"],"yoast_head":"<!-- This site is optimized with the Yoast SEO plugin v27.3 - https:\/\/yoast.com\/product\/yoast-seo-wordpress\/ -->\n<title>Alina Kunitsyna - Art in Print<\/title>\n<meta name=\"robots\" content=\"index, follow, max-snippet:-1, max-image-preview:large, max-video-preview:-1\" \/>\n<link rel=\"canonical\" href=\"https:\/\/www.artinprint.at\/en\/alina-kunitsyna\/\" \/>\n<meta property=\"og:locale\" content=\"en_US\" \/>\n<meta property=\"og:type\" content=\"article\" \/>\n<meta property=\"og:title\" content=\"Alina Kunitsyna - Art in Print\" \/>\n<meta property=\"og:description\" content=\"&nbsp; Alina Kunitsyna (born 1981 in Minsk, Belarus) Ein Million\u00e4r, 2019,\u00a0 for the art in print series women II Etching from one plate, coloured by hand, printed on Zerkall Alt Mainz Matt 300 g by Rudolf H\u00f6rschl\u00e4ger, Werkstatt Uferst\u00f6ckl, Wallsee, Lower Austria Edition of\u00a0 33\u00a0 + 5 AP + 2 EP + 2 PP Signed, [&hellip;]\" \/>\n<meta property=\"og:url\" content=\"https:\/\/www.artinprint.at\/en\/alina-kunitsyna\/\" \/>\n<meta property=\"og:site_name\" content=\"Art in Print\" \/>\n<meta property=\"article:modified_time\" content=\"2022-05-11T08:14:00+00:00\" \/>\n<meta property=\"og:image\" content=\"https:\/\/www.artinprint.at\/wp-content\/uploads\/2018\/01\/AIP_Button_jetzt2_klein.png\" \/>\n<meta name=\"twitter:card\" content=\"summary_large_image\" \/>\n<meta name=\"twitter:label1\" content=\"Est. reading time\" \/>\n\t<meta name=\"twitter:data1\" content=\"5 minutes\" \/>\n<script type=\"application\/ld+json\" class=\"yoast-schema-graph\">{\"@context\":\"https:\\\/\\\/schema.org\",\"@graph\":[{\"@type\":\"WebPage\",\"@id\":\"https:\\\/\\\/www.artinprint.at\\\/en\\\/alina-kunitsyna\\\/\",\"url\":\"https:\\\/\\\/www.artinprint.at\\\/en\\\/alina-kunitsyna\\\/\",\"name\":\"Alina Kunitsyna - Art in Print\",\"isPartOf\":{\"@id\":\"https:\\\/\\\/www.artinprint.at\\\/en\\\/#website\"},\"primaryImageOfPage\":{\"@id\":\"https:\\\/\\\/www.artinprint.at\\\/en\\\/alina-kunitsyna\\\/#primaryimage\"},\"image\":{\"@id\":\"https:\\\/\\\/www.artinprint.at\\\/en\\\/alina-kunitsyna\\\/#primaryimage\"},\"thumbnailUrl\":\"https:\\\/\\\/www.artinprint.at\\\/wp-content\\\/uploads\\\/2018\\\/01\\\/AIP_Button_jetzt2_klein.png\",\"datePublished\":\"2019-01-13T16:33:07+00:00\",\"dateModified\":\"2022-05-11T08:14:00+00:00\",\"breadcrumb\":{\"@id\":\"https:\\\/\\\/www.artinprint.at\\\/en\\\/alina-kunitsyna\\\/#breadcrumb\"},\"inLanguage\":\"en-US\",\"potentialAction\":[{\"@type\":\"ReadAction\",\"target\":[\"https:\\\/\\\/www.artinprint.at\\\/en\\\/alina-kunitsyna\\\/\"]}]},{\"@type\":\"ImageObject\",\"inLanguage\":\"en-US\",\"@id\":\"https:\\\/\\\/www.artinprint.at\\\/en\\\/alina-kunitsyna\\\/#primaryimage\",\"url\":\"https:\\\/\\\/www.artinprint.at\\\/wp-content\\\/uploads\\\/2018\\\/01\\\/AIP_Button_jetzt2_klein.png\",\"contentUrl\":\"https:\\\/\\\/www.artinprint.at\\\/wp-content\\\/uploads\\\/2018\\\/01\\\/AIP_Button_jetzt2_klein.png\"},{\"@type\":\"BreadcrumbList\",\"@id\":\"https:\\\/\\\/www.artinprint.at\\\/en\\\/alina-kunitsyna\\\/#breadcrumb\",\"itemListElement\":[{\"@type\":\"ListItem\",\"position\":1,\"name\":\"Startseite\",\"item\":\"https:\\\/\\\/www.artinprint.at\\\/en\\\/\"},{\"@type\":\"ListItem\",\"position\":2,\"name\":\"Alina Kunitsyna\"}]},{\"@type\":\"WebSite\",\"@id\":\"https:\\\/\\\/www.artinprint.at\\\/en\\\/#website\",\"url\":\"https:\\\/\\\/www.artinprint.at\\\/en\\\/\",\"name\":\"Art in Print\",\"description\":\"\",\"publisher\":{\"@id\":\"https:\\\/\\\/www.artinprint.at\\\/en\\\/#organization\"},\"potentialAction\":[{\"@type\":\"SearchAction\",\"target\":{\"@type\":\"EntryPoint\",\"urlTemplate\":\"https:\\\/\\\/www.artinprint.at\\\/en\\\/?s={search_term_string}\"},\"query-input\":{\"@type\":\"PropertyValueSpecification\",\"valueRequired\":true,\"valueName\":\"search_term_string\"}}],\"inLanguage\":\"en-US\"},{\"@type\":\"Organization\",\"@id\":\"https:\\\/\\\/www.artinprint.at\\\/en\\\/#organization\",\"name\":\"art in print\",\"url\":\"https:\\\/\\\/www.artinprint.at\\\/en\\\/\",\"logo\":{\"@type\":\"ImageObject\",\"inLanguage\":\"en-US\",\"@id\":\"https:\\\/\\\/www.artinprint.at\\\/en\\\/#\\\/schema\\\/logo\\\/image\\\/\",\"url\":\"https:\\\/\\\/www.artinprint.at\\\/wp-content\\\/uploads\\\/2020\\\/04\\\/cropped-art-in-print_logo.png\",\"contentUrl\":\"https:\\\/\\\/www.artinprint.at\\\/wp-content\\\/uploads\\\/2020\\\/04\\\/cropped-art-in-print_logo.png\",\"width\":512,\"height\":512,\"caption\":\"art in print\"},\"image\":{\"@id\":\"https:\\\/\\\/www.artinprint.at\\\/en\\\/#\\\/schema\\\/logo\\\/image\\\/\"}}]}<\/script>\n<!-- \/ Yoast SEO plugin. -->","yoast_head_json":{"title":"Alina Kunitsyna - Art in Print","robots":{"index":"index","follow":"follow","max-snippet":"max-snippet:-1","max-image-preview":"max-image-preview:large","max-video-preview":"max-video-preview:-1"},"canonical":"https:\/\/www.artinprint.at\/en\/alina-kunitsyna\/","og_locale":"en_US","og_type":"article","og_title":"Alina Kunitsyna - Art in Print","og_description":"&nbsp; Alina Kunitsyna (born 1981 in Minsk, Belarus) Ein Million\u00e4r, 2019,\u00a0 for the art in print series women II Etching from one plate, coloured by hand, printed on Zerkall Alt Mainz Matt 300 g by Rudolf H\u00f6rschl\u00e4ger, Werkstatt Uferst\u00f6ckl, Wallsee, Lower Austria Edition of\u00a0 33\u00a0 + 5 AP + 2 EP + 2 PP Signed, [&hellip;]","og_url":"https:\/\/www.artinprint.at\/en\/alina-kunitsyna\/","og_site_name":"Art in Print","article_modified_time":"2022-05-11T08:14:00+00:00","og_image":[{"url":"https:\/\/www.artinprint.at\/wp-content\/uploads\/2018\/01\/AIP_Button_jetzt2_klein.png","type":"","width":"","height":""}],"twitter_card":"summary_large_image","twitter_misc":{"Est. reading time":"5 minutes"},"schema":{"@context":"https:\/\/schema.org","@graph":[{"@type":"WebPage","@id":"https:\/\/www.artinprint.at\/en\/alina-kunitsyna\/","url":"https:\/\/www.artinprint.at\/en\/alina-kunitsyna\/","name":"Alina Kunitsyna - Art in Print","isPartOf":{"@id":"https:\/\/www.artinprint.at\/en\/#website"},"primaryImageOfPage":{"@id":"https:\/\/www.artinprint.at\/en\/alina-kunitsyna\/#primaryimage"},"image":{"@id":"https:\/\/www.artinprint.at\/en\/alina-kunitsyna\/#primaryimage"},"thumbnailUrl":"https:\/\/www.artinprint.at\/wp-content\/uploads\/2018\/01\/AIP_Button_jetzt2_klein.png","datePublished":"2019-01-13T16:33:07+00:00","dateModified":"2022-05-11T08:14:00+00:00","breadcrumb":{"@id":"https:\/\/www.artinprint.at\/en\/alina-kunitsyna\/#breadcrumb"},"inLanguage":"en-US","potentialAction":[{"@type":"ReadAction","target":["https:\/\/www.artinprint.at\/en\/alina-kunitsyna\/"]}]},{"@type":"ImageObject","inLanguage":"en-US","@id":"https:\/\/www.artinprint.at\/en\/alina-kunitsyna\/#primaryimage","url":"https:\/\/www.artinprint.at\/wp-content\/uploads\/2018\/01\/AIP_Button_jetzt2_klein.png","contentUrl":"https:\/\/www.artinprint.at\/wp-content\/uploads\/2018\/01\/AIP_Button_jetzt2_klein.png"},{"@type":"BreadcrumbList","@id":"https:\/\/www.artinprint.at\/en\/alina-kunitsyna\/#breadcrumb","itemListElement":[{"@type":"ListItem","position":1,"name":"Startseite","item":"https:\/\/www.artinprint.at\/en\/"},{"@type":"ListItem","position":2,"name":"Alina Kunitsyna"}]},{"@type":"WebSite","@id":"https:\/\/www.artinprint.at\/en\/#website","url":"https:\/\/www.artinprint.at\/en\/","name":"Art in Print","description":"","publisher":{"@id":"https:\/\/www.artinprint.at\/en\/#organization"},"potentialAction":[{"@type":"SearchAction","target":{"@type":"EntryPoint","urlTemplate":"https:\/\/www.artinprint.at\/en\/?s={search_term_string}"},"query-input":{"@type":"PropertyValueSpecification","valueRequired":true,"valueName":"search_term_string"}}],"inLanguage":"en-US"},{"@type":"Organization","@id":"https:\/\/www.artinprint.at\/en\/#organization","name":"art in print","url":"https:\/\/www.artinprint.at\/en\/","logo":{"@type":"ImageObject","inLanguage":"en-US","@id":"https:\/\/www.artinprint.at\/en\/#\/schema\/logo\/image\/","url":"https:\/\/www.artinprint.at\/wp-content\/uploads\/2020\/04\/cropped-art-in-print_logo.png","contentUrl":"https:\/\/www.artinprint.at\/wp-content\/uploads\/2020\/04\/cropped-art-in-print_logo.png","width":512,"height":512,"caption":"art in print"},"image":{"@id":"https:\/\/www.artinprint.at\/en\/#\/schema\/logo\/image\/"}}]}},"_links":{"self":[{"href":"https:\/\/www.artinprint.at\/en\/wp-json\/wp\/v2\/pages\/10575","targetHints":{"allow":["GET"]}}],"collection":[{"href":"https:\/\/www.artinprint.at\/en\/wp-json\/wp\/v2\/pages"}],"about":[{"href":"https:\/\/www.artinprint.at\/en\/wp-json\/wp\/v2\/types\/page"}],"author":[{"embeddable":true,"href":"https:\/\/www.artinprint.at\/en\/wp-json\/wp\/v2\/users\/1"}],"replies":[{"embeddable":true,"href":"https:\/\/www.artinprint.at\/en\/wp-json\/wp\/v2\/comments?post=10575"}],"version-history":[{"count":9,"href":"https:\/\/www.artinprint.at\/en\/wp-json\/wp\/v2\/pages\/10575\/revisions"}],"predecessor-version":[{"id":12812,"href":"https:\/\/www.artinprint.at\/en\/wp-json\/wp\/v2\/pages\/10575\/revisions\/12812"}],"wp:attachment":[{"href":"https:\/\/www.artinprint.at\/en\/wp-json\/wp\/v2\/media?parent=10575"}],"curies":[{"name":"wp","href":"https:\/\/api.w.org\/{rel}","templated":true}]}}